{"id":1724,"date":"2018-04-22T15:09:09","date_gmt":"2018-04-22T15:09:09","guid":{"rendered":"https:\/\/oreme.eu\/formular-sicher-ubertragen\/"},"modified":"2021-01-13T13:36:13","modified_gmt":"2021-01-13T13:36:13","slug":"formular-sicher-ubertragen-2-2","status":"publish","type":"page","link":"https:\/\/oreme.eu\/de\/formular-sicher-ubertragen-2-2\/","title":{"rendered":"Formular sicher \u00fcbertragen"},"content":{"rendered":"<div   class='avia-fullscreen-slider main_color av-mini-hide  avia-builder-el-0  avia-builder-el-no-sibling  container_wrap sidebar_right'  >\n<style type=\"text\/css\" data-created_by=\"avia_inline_auto\" id=\"style-css-av-av_fullscreen-38d4f5a779e91ebe25e94ed67e4c61a0\">\n#top #wrap_all .avia-slideshow .av-slideshow-caption.av-av_fullscreen-38d4f5a779e91ebe25e94ed67e4c61a0__0 .avia-caption-title{\nfont-size:44px;\n}\n#top .avia-slideshow .av-slideshow-caption.av-av_fullscreen-38d4f5a779e91ebe25e94ed67e4c61a0__0 .avia-caption-content{\nfont-size:22px;\n}\n#top .avia-slideshow .av-slideshow-caption.av-av_fullscreen-38d4f5a779e91ebe25e94ed67e4c61a0__0 .avia-caption-content p{\nfont-size:22px;\n}\n<\/style>\n<div  class='avia-slideshow av-av_fullscreen-38d4f5a779e91ebe25e94ed67e4c61a0 avia-slideshow-no scaling av_fullscreen avia-slide-slider av-mini-hide av-slideshow-ui av-control-default av-slideshow-manual av-loop-once av-loop-manual-endless av-default-height-applied   avia-slideshow-1' data-slideshow-options=\"{&quot;animation&quot;:&quot;slide&quot;,&quot;autoplay&quot;:false,&quot;loop_autoplay&quot;:&quot;once&quot;,&quot;interval&quot;:5,&quot;loop_manual&quot;:&quot;manual-endless&quot;,&quot;autoplay_stopper&quot;:false,&quot;noNavigation&quot;:false,&quot;bg_slider&quot;:true,&quot;keep_padding&quot;:false,&quot;hoverpause&quot;:false,&quot;show_slide_delay&quot;:0,&quot;slide_height&quot;:&quot;100&quot;,&quot;image_attachment&quot;:&quot;&quot;}\"  itemprop=\"image\" itemscope=\"itemscope\" itemtype=\"https:\/\/schema.org\/ImageObject\" ><ul class='avia-slideshow-inner ' style='padding-bottom: 100%;'><li style='background-position:top center;' data-img-url='https:\/\/oreme.eu\/wp-content\/uploads\/2018\/02\/submission-successful.jpg' class='avia-slideshow-slide av-av_fullscreen-38d4f5a779e91ebe25e94ed67e4c61a0__0  av-single-slide slide-1 slide-odd'><div data-rel='slideshow-1' class='avia-slide-wrap '   ><div class='av-slideshow-caption av-av_fullscreen-38d4f5a779e91ebe25e94ed67e4c61a0__0 caption_fullwidth caption_left'><div class=\"container caption_container\"><div class=\"slideshow_caption\"><div class=\"slideshow_inner_caption\"><div class=\"slideshow_align_caption\"><h2 class='avia-caption-title '  itemprop=\"name\" >Ihr Formular wurde erfolgreich \u00fcbertragen!<\/h2><div class='avia-caption-content '  itemprop=\"description\" ><p>Ihr Regenexx-Berater wird Sie in K\u00fcrze mit Information \u00fcber die n\u00e4chsten Schritte kontaktieren.<\/p>\n<p>Wenn Sie Ihre MRT-Bilder jetzt hochladen m\u00f6chten, <a href=\"https:\/\/oreme.eu\/de\/mrt-dateien-hochladen\/\">bitte hier klicken<\/a>.<\/p>\n<\/div><\/div><\/div><\/div><\/div><\/div><div class='av-section-color-overlay' style='opacity: 0.3; background-color: #2c4d9c; '><\/div><\/div><\/li><\/ul><\/div><\/div>\n","protected":false},"excerpt":{"rendered":"","protected":false},"author":1,"featured_media":0,"parent":0,"menu_order":38,"comment_status":"closed","ping_status":"open","template":"","meta":{"footnotes":""},"class_list":["post-1724","page","type-page","status-publish","hentry"],"yoast_head":"<!-- This site is optimized with the Yoast SEO plugin v27.2 - https:\/\/yoast.com\/product\/yoast-seo-wordpress\/ -->\n<title>oreme - Nichtinvasive orthop\u00e4dische regenerative Medizin der n\u00e4chsten Generation in Europa<\/title>\n<meta name=\"description\" content=\"Orthop\u00e4dische regenerative Medizin der n\u00e4chsten Generation. Ein bew\u00e4hrter Anbieter f\u00fcr nicht-chirurgische Stammzellen- und Blutpl\u00e4ttchen-Behandlungen in Europa.\" \/>\n<meta name=\"robots\" content=\"noindex, nofollow\" \/>\n<meta property=\"og:locale\" content=\"de_DE\" \/>\n<meta property=\"og:type\" content=\"article\" \/>\n<meta property=\"og:title\" content=\"oreme - Nichtinvasive orthop\u00e4dische regenerative Medizin der n\u00e4chsten Generation in Europa\" \/>\n<meta property=\"og:description\" content=\"Orthop\u00e4dische regenerative Medizin der n\u00e4chsten Generation. Ein bew\u00e4hrter Anbieter f\u00fcr nicht-chirurgische Stammzellen- und Blutpl\u00e4ttchen-Behandlungen in Europa.\" \/>\n<meta property=\"og:url\" content=\"https:\/\/oreme.eu\/de\/formular-sicher-ubertragen-2-2\/\" \/>\n<meta property=\"og:site_name\" content=\"oreme - Nichtinvasive orthop\u00e4dische regenerative Medizin der n\u00e4chsten Generation in Europa\" \/>\n<meta property=\"article:publisher\" content=\"https:\/\/www.facebook.com\/oreme.eu\" \/>\n<meta property=\"article:modified_time\" content=\"2021-01-13T13:36:13+00:00\" \/>\n<meta name=\"twitter:card\" content=\"summary_large_image\" \/>\n<meta name=\"twitter:site\" content=\"@Oreme_Regenexx\" \/>\n<meta name=\"twitter:label1\" content=\"Gesch\u00e4tzte Lesezeit\" \/>\n\t<meta name=\"twitter:data1\" content=\"1\u00a0Minute\" \/>\n<script type=\"application\/ld+json\" class=\"yoast-schema-graph\">{\"@context\":\"https:\/\/schema.org\",\"@graph\":[{\"@type\":\"WebPage\",\"@id\":\"https:\/\/oreme.eu\/de\/formular-sicher-ubertragen-2-2\/\",\"url\":\"https:\/\/oreme.eu\/de\/formular-sicher-ubertragen-2-2\/\",\"name\":\"oreme - Nichtinvasive orthop\u00e4dische regenerative Medizin der n\u00e4chsten Generation in Europa\",\"isPartOf\":{\"@id\":\"https:\/\/oreme.eu\/de\/#website\"},\"datePublished\":\"2018-04-22T15:09:09+00:00\",\"dateModified\":\"2021-01-13T13:36:13+00:00\",\"description\":\"Orthop\u00e4dische regenerative Medizin der n\u00e4chsten Generation. Ein bew\u00e4hrter Anbieter f\u00fcr nicht-chirurgische Stammzellen- und Blutpl\u00e4ttchen-Behandlungen in Europa.\",\"breadcrumb\":{\"@id\":\"https:\/\/oreme.eu\/de\/formular-sicher-ubertragen-2-2\/#breadcrumb\"},\"inLanguage\":\"de\",\"potentialAction\":[{\"@type\":\"ReadAction\",\"target\":[\"https:\/\/oreme.eu\/de\/formular-sicher-ubertragen-2-2\/\"]}]},{\"@type\":\"BreadcrumbList\",\"@id\":\"https:\/\/oreme.eu\/de\/formular-sicher-ubertragen-2-2\/#breadcrumb\",\"itemListElement\":[{\"@type\":\"ListItem\",\"position\":1,\"name\":\"Home\",\"item\":\"https:\/\/oreme.eu\/de\/\"},{\"@type\":\"ListItem\",\"position\":2,\"name\":\"Formular sicher \u00fcbertragen\"}]},{\"@type\":\"WebSite\",\"@id\":\"https:\/\/oreme.eu\/de\/#website\",\"url\":\"https:\/\/oreme.eu\/de\/\",\"name\":\"oreme - Nichtinvasive orthop\u00e4dische regenerative Medizin der n\u00e4chsten Generation in Europa\",\"description\":\"\",\"publisher\":{\"@id\":\"https:\/\/oreme.eu\/de\/#organization\"},\"potentialAction\":[{\"@type\":\"SearchAction\",\"target\":{\"@type\":\"EntryPoint\",\"urlTemplate\":\"https:\/\/oreme.eu\/de\/?s={search_term_string}\"},\"query-input\":{\"@type\":\"PropertyValueSpecification\",\"valueRequired\":true,\"valueName\":\"search_term_string\"}}],\"inLanguage\":\"de\"},{\"@type\":\"Organization\",\"@id\":\"https:\/\/oreme.eu\/de\/#organization\",\"name\":\"OREME PGmbH\",\"url\":\"https:\/\/oreme.eu\/de\/\",\"logo\":{\"@type\":\"ImageObject\",\"inLanguage\":\"de\",\"@id\":\"https:\/\/oreme.eu\/de\/#\/schema\/logo\/image\/\",\"url\":\"https:\/\/oreme.eu\/wp-content\/uploads\/2017\/01\/oreme-logo-quer-retina.png\",\"contentUrl\":\"https:\/\/oreme.eu\/wp-content\/uploads\/2017\/01\/oreme-logo-quer-retina.png\",\"width\":690,\"height\":312,\"caption\":\"OREME PGmbH\"},\"image\":{\"@id\":\"https:\/\/oreme.eu\/de\/#\/schema\/logo\/image\/\"},\"sameAs\":[\"https:\/\/www.facebook.com\/oreme.eu\",\"https:\/\/x.com\/Oreme_Regenexx\",\"https:\/\/www.instagram.com\/oreme_regenexx\/\"]}]}<\/script>\n<!-- \/ Yoast SEO plugin. -->","yoast_head_json":{"title":"oreme - Nichtinvasive orthop\u00e4dische regenerative Medizin der n\u00e4chsten Generation in Europa","description":"Orthop\u00e4dische regenerative Medizin der n\u00e4chsten Generation. Ein bew\u00e4hrter Anbieter f\u00fcr nicht-chirurgische Stammzellen- und Blutpl\u00e4ttchen-Behandlungen in Europa.","robots":{"index":"noindex","follow":"nofollow"},"og_locale":"de_DE","og_type":"article","og_title":"oreme - Nichtinvasive orthop\u00e4dische regenerative Medizin der n\u00e4chsten Generation in Europa","og_description":"Orthop\u00e4dische regenerative Medizin der n\u00e4chsten Generation. Ein bew\u00e4hrter Anbieter f\u00fcr nicht-chirurgische Stammzellen- und Blutpl\u00e4ttchen-Behandlungen in Europa.","og_url":"https:\/\/oreme.eu\/de\/formular-sicher-ubertragen-2-2\/","og_site_name":"oreme - Nichtinvasive orthop\u00e4dische regenerative Medizin der n\u00e4chsten Generation in Europa","article_publisher":"https:\/\/www.facebook.com\/oreme.eu","article_modified_time":"2021-01-13T13:36:13+00:00","twitter_card":"summary_large_image","twitter_site":"@Oreme_Regenexx","twitter_misc":{"Gesch\u00e4tzte Lesezeit":"1\u00a0Minute"},"schema":{"@context":"https:\/\/schema.org","@graph":[{"@type":"WebPage","@id":"https:\/\/oreme.eu\/de\/formular-sicher-ubertragen-2-2\/","url":"https:\/\/oreme.eu\/de\/formular-sicher-ubertragen-2-2\/","name":"oreme - Nichtinvasive orthop\u00e4dische regenerative Medizin der n\u00e4chsten Generation in Europa","isPartOf":{"@id":"https:\/\/oreme.eu\/de\/#website"},"datePublished":"2018-04-22T15:09:09+00:00","dateModified":"2021-01-13T13:36:13+00:00","description":"Orthop\u00e4dische regenerative Medizin der n\u00e4chsten Generation. Ein bew\u00e4hrter Anbieter f\u00fcr nicht-chirurgische Stammzellen- und Blutpl\u00e4ttchen-Behandlungen in Europa.","breadcrumb":{"@id":"https:\/\/oreme.eu\/de\/formular-sicher-ubertragen-2-2\/#breadcrumb"},"inLanguage":"de","potentialAction":[{"@type":"ReadAction","target":["https:\/\/oreme.eu\/de\/formular-sicher-ubertragen-2-2\/"]}]},{"@type":"BreadcrumbList","@id":"https:\/\/oreme.eu\/de\/formular-sicher-ubertragen-2-2\/#breadcrumb","itemListElement":[{"@type":"ListItem","position":1,"name":"Home","item":"https:\/\/oreme.eu\/de\/"},{"@type":"ListItem","position":2,"name":"Formular sicher \u00fcbertragen"}]},{"@type":"WebSite","@id":"https:\/\/oreme.eu\/de\/#website","url":"https:\/\/oreme.eu\/de\/","name":"oreme - Nichtinvasive orthop\u00e4dische regenerative Medizin der n\u00e4chsten Generation in Europa","description":"","publisher":{"@id":"https:\/\/oreme.eu\/de\/#organization"},"potentialAction":[{"@type":"SearchAction","target":{"@type":"EntryPoint","urlTemplate":"https:\/\/oreme.eu\/de\/?s={search_term_string}"},"query-input":{"@type":"PropertyValueSpecification","valueRequired":true,"valueName":"search_term_string"}}],"inLanguage":"de"},{"@type":"Organization","@id":"https:\/\/oreme.eu\/de\/#organization","name":"OREME PGmbH","url":"https:\/\/oreme.eu\/de\/","logo":{"@type":"ImageObject","inLanguage":"de","@id":"https:\/\/oreme.eu\/de\/#\/schema\/logo\/image\/","url":"https:\/\/oreme.eu\/wp-content\/uploads\/2017\/01\/oreme-logo-quer-retina.png","contentUrl":"https:\/\/oreme.eu\/wp-content\/uploads\/2017\/01\/oreme-logo-quer-retina.png","width":690,"height":312,"caption":"OREME PGmbH"},"image":{"@id":"https:\/\/oreme.eu\/de\/#\/schema\/logo\/image\/"},"sameAs":["https:\/\/www.facebook.com\/oreme.eu","https:\/\/x.com\/Oreme_Regenexx","https:\/\/www.instagram.com\/oreme_regenexx\/"]}]}},"jetpack_sharing_enabled":true,"_links":{"self":[{"href":"https:\/\/oreme.eu\/de\/wp-json\/wp\/v2\/pages\/1724","targetHints":{"allow":["GET"]}}],"collection":[{"href":"https:\/\/oreme.eu\/de\/wp-json\/wp\/v2\/pages"}],"about":[{"href":"https:\/\/oreme.eu\/de\/wp-json\/wp\/v2\/types\/page"}],"author":[{"embeddable":true,"href":"https:\/\/oreme.eu\/de\/wp-json\/wp\/v2\/users\/1"}],"replies":[{"embeddable":true,"href":"https:\/\/oreme.eu\/de\/wp-json\/wp\/v2\/comments?post=1724"}],"version-history":[{"count":9,"href":"https:\/\/oreme.eu\/de\/wp-json\/wp\/v2\/pages\/1724\/revisions"}],"predecessor-version":[{"id":2753,"href":"https:\/\/oreme.eu\/de\/wp-json\/wp\/v2\/pages\/1724\/revisions\/2753"}],"wp:attachment":[{"href":"https:\/\/oreme.eu\/de\/wp-json\/wp\/v2\/media?parent=1724"}],"curies":[{"name":"wp","href":"https:\/\/api.w.org\/{rel}","templated":true}]}}