{"id":1744,"date":"2018-04-29T13:30:57","date_gmt":"2018-04-29T13:30:57","guid":{"rendered":"https:\/\/oreme.eu\/dr-rolandas-janusas\/"},"modified":"2026-03-24T19:55:20","modified_gmt":"2026-03-24T19:55:20","slug":"dr-rolandas-janusas","status":"publish","type":"page","link":"https:\/\/oreme.eu\/de\/dr-rolandas-janusas\/","title":{"rendered":"Dr. Rolandas Janu\u0161as"},"content":{"rendered":"\n<style type=\"text\/css\" data-created_by=\"avia_inline_auto\" id=\"style-css-av-1sj7ls-c57265d8940316d0edda0bbc8960a31b\">\n.avia-section.av-1sj7ls-c57265d8940316d0edda0bbc8960a31b .av-parallax .av-parallax-inner{\nbackground-repeat:no-repeat;\nbackground-image:url(https:\/\/oreme.eu\/wp-content\/uploads\/2016\/02\/oreme.op_.jpg);\nbackground-position:50% 0%;\nbackground-attachment:scroll;\n}\n.avia-section.av-1sj7ls-c57265d8940316d0edda0bbc8960a31b .av-section-color-overlay{\nopacity:0.4;\nbackground-color:#2c4d9c;\n}\n<\/style>\n<div id='av_section_1'  class='avia-section av-1sj7ls-c57265d8940316d0edda0bbc8960a31b main_color avia-section-huge avia-no-border-styling  avia-builder-el-0  el_before_av_layout_row  avia-builder-el-first  avia-full-stretch av-parallax-section avia-bg-style-parallax av-section-color-overlay-active container_wrap sidebar_right'  data-section-bg-repeat='stretch'><div class='av-parallax' data-avia-parallax-ratio='0.3' ><div class='av-parallax-inner main_color avia-full-stretch'><\/div><\/div><div class=\"av-section-color-overlay-wrap\"><div class=\"av-section-color-overlay\"><\/div><div class='container av-section-cont-open' ><main  role=\"main\" itemprop=\"mainContentOfPage\"  class='template-page content  av-content-small alpha units'><div class='post-entry post-entry-type-page post-entry-1744'><div class='entry-content-wrapper clearfix'>\n\n<style type=\"text\/css\" data-created_by=\"avia_inline_auto\" id=\"style-css-av-g4j668-e1d119cfbe76e24fae69234eeeb7f3b4\">\n#top .av-special-heading.av-g4j668-e1d119cfbe76e24fae69234eeeb7f3b4{\npadding-bottom:10px;\ncolor:#ffffff;\n}\nbody .av-special-heading.av-g4j668-e1d119cfbe76e24fae69234eeeb7f3b4 .av-special-heading-tag .heading-char{\nfont-size:25px;\n}\n.av-special-heading.av-g4j668-e1d119cfbe76e24fae69234eeeb7f3b4 .special-heading-inner-border{\nborder-color:#ffffff;\n}\n.av-special-heading.av-g4j668-e1d119cfbe76e24fae69234eeeb7f3b4 .av-subheading{\nfont-size:20px;\n}\n<\/style>\n<div  class='av-special-heading av-g4j668-e1d119cfbe76e24fae69234eeeb7f3b4 av-special-heading-h2 custom-color-heading blockquote modern-quote modern-centered  avia-builder-el-1  avia-builder-el-no-sibling '><h2 class='av-special-heading-tag '  itemprop=\"headline\"  >Dr. Rolandas Janu\u0161as<\/h2><div class='av_custom_color av-subheading av-subheading_below'><p>Orthop\u00e4de, Unfallchirurg und Wirbels\u00e4ulenchirurg<br \/>\nArzt f\u00fcr ganzheitliche und regenerative Medizin<\/p>\n<\/div><div class=\"special-heading-border\"><div class=\"special-heading-inner-border\"><\/div><\/div><\/div>\n\n<\/div><\/div><\/main><!-- close content main element --><\/div><\/div><\/div><div id='av-layout-grid-1'  class='av-layout-grid-container av-e86lxc-654a2a3f03ce8d7148ac9d67cda4909c entry-content-wrapper main_color av-flex-cells  avia-builder-el-2  el_after_av_section  el_before_av_two_third  grid-row-not-first  container_wrap sidebar_right'  >\n\n<style type=\"text\/css\" data-created_by=\"avia_inline_auto\" id=\"style-css-av-cbiwg0-94f152227b85ae3e59c13fcecdeea602\">\n.flex_cell.av-cbiwg0-94f152227b85ae3e59c13fcecdeea602{\nvertical-align:top;\nbackground-color:#7294cd;\n}\n.responsive #top #wrap_all .flex_cell.av-cbiwg0-94f152227b85ae3e59c13fcecdeea602{\npadding:9px 0 0 0 !important;\n}\n<\/style>\n<div class='flex_cell av-cbiwg0-94f152227b85ae3e59c13fcecdeea602 av-gridrow-cell av_one_full no_margin  avia-builder-el-3  avia-builder-el-no-sibling  content-align-top'  ><div class='flex_cell_inner'><\/div><\/div>\n<\/div><div id='after_grid_row_1'  class='main_color av_default_container_wrap container_wrap sidebar_right'  ><div class='container av-section-cont-open' ><div class='template-page content  av-content-small alpha units'><div class='post-entry post-entry-type-page post-entry-1744'><div class='entry-content-wrapper clearfix'>\n\n<style type=\"text\/css\" data-created_by=\"avia_inline_auto\" id=\"style-css-av-bkqe80-75c23dd8a74f044c99c388c7c5484719\">\n.flex_column.av-bkqe80-75c23dd8a74f044c99c388c7c5484719{\nborder-radius:0px 0px 0px 0px;\npadding:0px 0px 0px 0px;\n}\n<\/style>\n<div  class='flex_column av-bkqe80-75c23dd8a74f044c99c388c7c5484719 av_two_third  avia-builder-el-4  el_after_av_layout_row  el_before_av_one_third  avia-builder-el-first  first flex_column_div av-zero-column-padding  '     ><section  class='av_textblock_section av-k1ixe09u-c1fa3ee1dac1400f8fa3e7d310fa7a9f '   itemscope=\"itemscope\" itemtype=\"https:\/\/schema.org\/CreativeWork\" ><div class='avia_textblock'  itemprop=\"text\" ><p>Dr. Rolandas Janu\u0161as, ist Absolvent der Medizinischen Fakult\u00e4t der Ruprecht-Karls-Universit\u00e4t Heidelberg. Er ist Orthop\u00e4de und Wirbels\u00e4ulenchirurg f\u00fchrt orthop\u00e4dische Eingriffe seit 2000 durch. Dr. Rolandas hat im Laufe seiner T\u00e4tigkeit \u00fcber 25.000 verschiedene orthop\u00e4dische Eingriffe mittels Ultraschallbildgebung und fluoroskopie-gesteuerter\u00a0Injektionen durchgef\u00fchrt.<\/p>\n<p>Er ist ein Enthusiast f\u00fcr regenerative Medizin. Seit 2014 hat Dr. Rolandas mehr als 3000 regenerative medizinische Verfahren unter Verwendung mehrerer etablierter Protokolle durchgef\u00fchrt.<\/p>\n<p>2016 wurde Dr. Rolandas Janu\u0161as weitergebildet und war bis November 2019 Mitglied im Regenexx-Network. Damit war er der <a href=\"https:\/\/www.regenexx.com\/regenexx-europe\/\" target=\"_blank\" rel=\"noopener noreferrer\">erste Regenexx-zertifizierte Arzt in Europa<\/a>.<\/p>\n<p>Seit Februar 2017 leitete er die belgische OREME-Klinik, die orthop\u00e4dische Patienten in Br\u00fcssel aus aller Welt ber\u00e4t und behandelt. Seit Februar 2026 hat er eine eigene Praxis in Teufen, Schweiz in Kooperation mit der Biologischen Tagesklinik Dr. Rupp.<\/p>\n<\/div><\/section><\/div>\n\n<style type=\"text\/css\" data-created_by=\"avia_inline_auto\" id=\"style-css-av-98ertc-109fd1dadbb4ae57a3b475d72745e0ec\">\n.flex_column.av-98ertc-109fd1dadbb4ae57a3b475d72745e0ec{\nborder-radius:0px 0px 0px 0px;\npadding:0px 0px 0px 0px;\n}\n<\/style>\n<div  class='flex_column av-98ertc-109fd1dadbb4ae57a3b475d72745e0ec av_one_third  avia-builder-el-6  el_after_av_two_third  avia-builder-el-last  flex_column_div av-zero-column-padding  '     ><p>\n<style type=\"text\/css\" data-created_by=\"avia_inline_auto\" id=\"style-css-av-7l6zzk-7d261616de22c9f390a22a8b90b1a5ff\">\n.avia-image-container.av-7l6zzk-7d261616de22c9f390a22a8b90b1a5ff img.avia_image{\nbox-shadow:none;\n}\n.avia-image-container.av-7l6zzk-7d261616de22c9f390a22a8b90b1a5ff .av-image-caption-overlay-center{\ncolor:#ffffff;\n}\n<\/style>\n<div  class='avia-image-container av-7l6zzk-7d261616de22c9f390a22a8b90b1a5ff av-styling- avia_animated_image av-animated-when-visible-95 fade-in avia-align-center  avia-builder-el-7  el_before_av_textblock  avia-builder-el-first '   itemprop=\"image\" itemscope=\"itemscope\" itemtype=\"https:\/\/schema.org\/ImageObject\" ><div class=\"avia-image-container-inner\"><div class=\"avia-image-overlay-wrap\"><img decoding=\"async\" fetchpriority=\"high\" class='wp-image-2271 avia-img-lazy-loading-not-2271 avia_image ' src=\"https:\/\/oreme.eu\/wp-content\/uploads\/2018\/03\/dr-rolandas-janusas.jpeg\" alt='' title=''  height=\"427\" width=\"427\"  itemprop=\"thumbnailUrl\" srcset=\"https:\/\/oreme.eu\/wp-content\/uploads\/2018\/03\/dr-rolandas-janusas.jpeg 427w, https:\/\/oreme.eu\/wp-content\/uploads\/2018\/03\/dr-rolandas-janusas-80x80.jpeg 80w, https:\/\/oreme.eu\/wp-content\/uploads\/2018\/03\/dr-rolandas-janusas-300x300.jpeg 300w, https:\/\/oreme.eu\/wp-content\/uploads\/2018\/03\/dr-rolandas-janusas-36x36.jpeg 36w, https:\/\/oreme.eu\/wp-content\/uploads\/2018\/03\/dr-rolandas-janusas-180x180.jpeg 180w, https:\/\/oreme.eu\/wp-content\/uploads\/2018\/03\/dr-rolandas-janusas-120x120.jpeg 120w\" sizes=\"(max-width: 427px) 100vw, 427px\" \/><\/div><\/div><\/div><br \/>\n<section  class='av_textblock_section av-5omaj4-136fe548de4175960d948e30a0135add '   itemscope=\"itemscope\" itemtype=\"https:\/\/schema.org\/CreativeWork\" ><div class='avia_textblock'  itemprop=\"text\" ><p style=\"text-align: center;\"><em>Dr. Rolandas Janu\u0161as<\/em><\/p>\n<\/div><\/section><\/p><\/div>\n","protected":false},"excerpt":{"rendered":"","protected":false},"author":1,"featured_media":0,"parent":0,"menu_order":6,"comment_status":"closed","ping_status":"closed","template":"","meta":{"footnotes":""},"class_list":["post-1744","page","type-page","status-publish","hentry"],"yoast_head":"<!-- This site is optimized with the Yoast SEO plugin v27.2 - https:\/\/yoast.com\/product\/yoast-seo-wordpress\/ -->\n<title>Dr. Rolandas Janu\u0161as &#8211; oreme - Nichtinvasive orthop\u00e4dische regenerative Medizin der n\u00e4chsten Generation in Europa<\/title>\n<meta name=\"description\" content=\"dr Rolandas Janusas ist ein Pionier in Europa mit ganzheitlichen und regenerativen Behandlungen mit Stammzellen und PRP\" \/>\n<meta name=\"robots\" content=\"index, follow, max-snippet:-1, max-image-preview:large, max-video-preview:-1\" \/>\n<link rel=\"canonical\" href=\"https:\/\/oreme.eu\/de\/dr-rolandas-janusas\/\" \/>\n<meta property=\"og:locale\" content=\"de_DE\" \/>\n<meta property=\"og:type\" content=\"article\" \/>\n<meta property=\"og:title\" content=\"Dr. Rolandas Janu\u0161as &#8211; oreme - Nichtinvasive orthop\u00e4dische regenerative Medizin der n\u00e4chsten Generation in Europa\" \/>\n<meta property=\"og:description\" content=\"dr Rolandas Janusas ist ein Pionier in Europa mit ganzheitlichen und regenerativen Behandlungen mit Stammzellen und PRP\" \/>\n<meta property=\"og:url\" content=\"https:\/\/oreme.eu\/de\/dr-rolandas-janusas\/\" \/>\n<meta property=\"og:site_name\" content=\"oreme - Nichtinvasive orthop\u00e4dische regenerative Medizin der n\u00e4chsten Generation in Europa\" \/>\n<meta property=\"article:publisher\" content=\"https:\/\/www.facebook.com\/oreme.eu\" \/>\n<meta property=\"article:modified_time\" content=\"2026-03-24T19:55:20+00:00\" \/>\n<meta name=\"twitter:card\" content=\"summary_large_image\" \/>\n<meta name=\"twitter:site\" content=\"@Oreme_Regenexx\" \/>\n<meta name=\"twitter:label1\" content=\"Gesch\u00e4tzte Lesezeit\" \/>\n\t<meta name=\"twitter:data1\" content=\"1\u00a0Minute\" \/>\n<script type=\"application\/ld+json\" class=\"yoast-schema-graph\">{\"@context\":\"https:\/\/schema.org\",\"@graph\":[{\"@type\":\"WebPage\",\"@id\":\"https:\/\/oreme.eu\/de\/dr-rolandas-janusas\/\",\"url\":\"https:\/\/oreme.eu\/de\/dr-rolandas-janusas\/\",\"name\":\"Dr. Rolandas Janu\u0161as &#8211; oreme - Nichtinvasive orthop\u00e4dische regenerative Medizin der n\u00e4chsten Generation in Europa\",\"isPartOf\":{\"@id\":\"https:\/\/oreme.eu\/de\/#website\"},\"datePublished\":\"2018-04-29T13:30:57+00:00\",\"dateModified\":\"2026-03-24T19:55:20+00:00\",\"description\":\"dr Rolandas Janusas ist ein Pionier in Europa mit ganzheitlichen und regenerativen Behandlungen mit Stammzellen und PRP\",\"breadcrumb\":{\"@id\":\"https:\/\/oreme.eu\/de\/dr-rolandas-janusas\/#breadcrumb\"},\"inLanguage\":\"de\",\"potentialAction\":[{\"@type\":\"ReadAction\",\"target\":[\"https:\/\/oreme.eu\/de\/dr-rolandas-janusas\/\"]}]},{\"@type\":\"BreadcrumbList\",\"@id\":\"https:\/\/oreme.eu\/de\/dr-rolandas-janusas\/#breadcrumb\",\"itemListElement\":[{\"@type\":\"ListItem\",\"position\":1,\"name\":\"Home\",\"item\":\"https:\/\/oreme.eu\/de\/\"},{\"@type\":\"ListItem\",\"position\":2,\"name\":\"Dr. Rolandas Janu\u0161as\"}]},{\"@type\":\"WebSite\",\"@id\":\"https:\/\/oreme.eu\/de\/#website\",\"url\":\"https:\/\/oreme.eu\/de\/\",\"name\":\"oreme - Nichtinvasive orthop\u00e4dische regenerative Medizin der n\u00e4chsten Generation in Europa\",\"description\":\"\",\"publisher\":{\"@id\":\"https:\/\/oreme.eu\/de\/#organization\"},\"potentialAction\":[{\"@type\":\"SearchAction\",\"target\":{\"@type\":\"EntryPoint\",\"urlTemplate\":\"https:\/\/oreme.eu\/de\/?s={search_term_string}\"},\"query-input\":{\"@type\":\"PropertyValueSpecification\",\"valueRequired\":true,\"valueName\":\"search_term_string\"}}],\"inLanguage\":\"de\"},{\"@type\":\"Organization\",\"@id\":\"https:\/\/oreme.eu\/de\/#organization\",\"name\":\"OREME PGmbH\",\"url\":\"https:\/\/oreme.eu\/de\/\",\"logo\":{\"@type\":\"ImageObject\",\"inLanguage\":\"de\",\"@id\":\"https:\/\/oreme.eu\/de\/#\/schema\/logo\/image\/\",\"url\":\"https:\/\/oreme.eu\/wp-content\/uploads\/2017\/01\/oreme-logo-quer-retina.png\",\"contentUrl\":\"https:\/\/oreme.eu\/wp-content\/uploads\/2017\/01\/oreme-logo-quer-retina.png\",\"width\":690,\"height\":312,\"caption\":\"OREME PGmbH\"},\"image\":{\"@id\":\"https:\/\/oreme.eu\/de\/#\/schema\/logo\/image\/\"},\"sameAs\":[\"https:\/\/www.facebook.com\/oreme.eu\",\"https:\/\/x.com\/Oreme_Regenexx\",\"https:\/\/www.instagram.com\/oreme_regenexx\/\"]}]}<\/script>\n<!-- \/ Yoast SEO plugin. -->","yoast_head_json":{"title":"Dr. Rolandas Janu\u0161as &#8211; oreme - Nichtinvasive orthop\u00e4dische regenerative Medizin der n\u00e4chsten Generation in Europa","description":"dr Rolandas Janusas ist ein Pionier in Europa mit ganzheitlichen und regenerativen Behandlungen mit Stammzellen und PRP","robots":{"index":"index","follow":"follow","max-snippet":"max-snippet:-1","max-image-preview":"max-image-preview:large","max-video-preview":"max-video-preview:-1"},"canonical":"https:\/\/oreme.eu\/de\/dr-rolandas-janusas\/","og_locale":"de_DE","og_type":"article","og_title":"Dr. Rolandas Janu\u0161as &#8211; oreme - Nichtinvasive orthop\u00e4dische regenerative Medizin der n\u00e4chsten Generation in Europa","og_description":"dr Rolandas Janusas ist ein Pionier in Europa mit ganzheitlichen und regenerativen Behandlungen mit Stammzellen und PRP","og_url":"https:\/\/oreme.eu\/de\/dr-rolandas-janusas\/","og_site_name":"oreme - Nichtinvasive orthop\u00e4dische regenerative Medizin der n\u00e4chsten Generation in Europa","article_publisher":"https:\/\/www.facebook.com\/oreme.eu","article_modified_time":"2026-03-24T19:55:20+00:00","twitter_card":"summary_large_image","twitter_site":"@Oreme_Regenexx","twitter_misc":{"Gesch\u00e4tzte Lesezeit":"1\u00a0Minute"},"schema":{"@context":"https:\/\/schema.org","@graph":[{"@type":"WebPage","@id":"https:\/\/oreme.eu\/de\/dr-rolandas-janusas\/","url":"https:\/\/oreme.eu\/de\/dr-rolandas-janusas\/","name":"Dr. Rolandas Janu\u0161as &#8211; oreme - Nichtinvasive orthop\u00e4dische regenerative Medizin der n\u00e4chsten Generation in Europa","isPartOf":{"@id":"https:\/\/oreme.eu\/de\/#website"},"datePublished":"2018-04-29T13:30:57+00:00","dateModified":"2026-03-24T19:55:20+00:00","description":"dr Rolandas Janusas ist ein Pionier in Europa mit ganzheitlichen und regenerativen Behandlungen mit Stammzellen und PRP","breadcrumb":{"@id":"https:\/\/oreme.eu\/de\/dr-rolandas-janusas\/#breadcrumb"},"inLanguage":"de","potentialAction":[{"@type":"ReadAction","target":["https:\/\/oreme.eu\/de\/dr-rolandas-janusas\/"]}]},{"@type":"BreadcrumbList","@id":"https:\/\/oreme.eu\/de\/dr-rolandas-janusas\/#breadcrumb","itemListElement":[{"@type":"ListItem","position":1,"name":"Home","item":"https:\/\/oreme.eu\/de\/"},{"@type":"ListItem","position":2,"name":"Dr. Rolandas Janu\u0161as"}]},{"@type":"WebSite","@id":"https:\/\/oreme.eu\/de\/#website","url":"https:\/\/oreme.eu\/de\/","name":"oreme - Nichtinvasive orthop\u00e4dische regenerative Medizin der n\u00e4chsten Generation in Europa","description":"","publisher":{"@id":"https:\/\/oreme.eu\/de\/#organization"},"potentialAction":[{"@type":"SearchAction","target":{"@type":"EntryPoint","urlTemplate":"https:\/\/oreme.eu\/de\/?s={search_term_string}"},"query-input":{"@type":"PropertyValueSpecification","valueRequired":true,"valueName":"search_term_string"}}],"inLanguage":"de"},{"@type":"Organization","@id":"https:\/\/oreme.eu\/de\/#organization","name":"OREME PGmbH","url":"https:\/\/oreme.eu\/de\/","logo":{"@type":"ImageObject","inLanguage":"de","@id":"https:\/\/oreme.eu\/de\/#\/schema\/logo\/image\/","url":"https:\/\/oreme.eu\/wp-content\/uploads\/2017\/01\/oreme-logo-quer-retina.png","contentUrl":"https:\/\/oreme.eu\/wp-content\/uploads\/2017\/01\/oreme-logo-quer-retina.png","width":690,"height":312,"caption":"OREME PGmbH"},"image":{"@id":"https:\/\/oreme.eu\/de\/#\/schema\/logo\/image\/"},"sameAs":["https:\/\/www.facebook.com\/oreme.eu","https:\/\/x.com\/Oreme_Regenexx","https:\/\/www.instagram.com\/oreme_regenexx\/"]}]}},"jetpack_sharing_enabled":true,"_links":{"self":[{"href":"https:\/\/oreme.eu\/de\/wp-json\/wp\/v2\/pages\/1744","targetHints":{"allow":["GET"]}}],"collection":[{"href":"https:\/\/oreme.eu\/de\/wp-json\/wp\/v2\/pages"}],"about":[{"href":"https:\/\/oreme.eu\/de\/wp-json\/wp\/v2\/types\/page"}],"author":[{"embeddable":true,"href":"https:\/\/oreme.eu\/de\/wp-json\/wp\/v2\/users\/1"}],"replies":[{"embeddable":true,"href":"https:\/\/oreme.eu\/de\/wp-json\/wp\/v2\/comments?post=1744"}],"version-history":[{"count":17,"href":"https:\/\/oreme.eu\/de\/wp-json\/wp\/v2\/pages\/1744\/revisions"}],"predecessor-version":[{"id":3932,"href":"https:\/\/oreme.eu\/de\/wp-json\/wp\/v2\/pages\/1744\/revisions\/3932"}],"wp:attachment":[{"href":"https:\/\/oreme.eu\/de\/wp-json\/wp\/v2\/media?parent=1744"}],"curies":[{"name":"wp","href":"https:\/\/api.w.org\/{rel}","templated":true}]}}