{"id":1755,"date":"2018-04-29T14:33:45","date_gmt":"2018-04-29T14:33:45","guid":{"rendered":"https:\/\/oreme.eu\/zahlungen\/"},"modified":"2021-01-13T13:36:13","modified_gmt":"2021-01-13T13:36:13","slug":"zahlungen","status":"publish","type":"page","link":"https:\/\/oreme.eu\/de\/zahlungen\/","title":{"rendered":"Zahlungen"},"content":{"rendered":"\n<style type=\"text\/css\" data-created_by=\"avia_inline_auto\" id=\"style-css-av-av_section-9ef82359d32708e3522dda94d60f8ae3\">\n.avia-section.av-av_section-9ef82359d32708e3522dda94d60f8ae3 .av-section-color-overlay{\nopacity:0.1;\nbackground-color:#7294cd;\n}\n<\/style>\n<div id='av_section_1'  class='avia-section av-av_section-9ef82359d32708e3522dda94d60f8ae3 main_color avia-section-default avia-no-shadow  avia-builder-el-0  el_before_av_one_half  avia-builder-el-first  avia-bg-style-scroll av-section-color-overlay-active container_wrap sidebar_right'  ><div class=\"av-section-color-overlay-wrap\"><div class=\"av-section-color-overlay\"><\/div><div class='container av-section-cont-open' ><main  role=\"main\" itemprop=\"mainContentOfPage\"  class='template-page content  av-content-small alpha units'><div class='post-entry post-entry-type-page post-entry-1755'><div class='entry-content-wrapper clearfix'>\n\n<style type=\"text\/css\" data-created_by=\"avia_inline_auto\" id=\"style-css-av-av_one_full-f72e7ad6b64d2d9bf1d798755ec1ce61\">\n.flex_column.av-av_one_full-f72e7ad6b64d2d9bf1d798755ec1ce61{\nborder-radius:0px 0px 0px 0px;\npadding:0px 0px 0px 0px;\n}\n<\/style>\n<div  class='flex_column av-av_one_full-f72e7ad6b64d2d9bf1d798755ec1ce61 av_one_full  avia-builder-el-1  avia-builder-el-no-sibling  first flex_column_div av-animated-generic bottom-to-top av-zero-column-padding  '     ><p>\n<style type=\"text\/css\" data-created_by=\"avia_inline_auto\" id=\"style-css-av-av_heading-a06826d41f3aac696cb4857e9b359327\">\n#top .av-special-heading.av-av_heading-a06826d41f3aac696cb4857e9b359327{\npadding-bottom:20px;\nfont-size:34px;\n}\nbody .av-special-heading.av-av_heading-a06826d41f3aac696cb4857e9b359327 .av-special-heading-tag .heading-char{\nfont-size:25px;\n}\n#top #wrap_all .av-special-heading.av-av_heading-a06826d41f3aac696cb4857e9b359327 .av-special-heading-tag{\nfont-size:34px;\n}\n.av-special-heading.av-av_heading-a06826d41f3aac696cb4857e9b359327 .av-subheading{\nfont-size:15px;\n}\n\n@media only screen and (min-width: 480px) and (max-width: 767px){ \n#top #wrap_all .av-special-heading.av-av_heading-a06826d41f3aac696cb4857e9b359327 .av-special-heading-tag{\nfont-size:0.8em;\n}\n}\n\n@media only screen and (max-width: 479px){ \n#top #wrap_all .av-special-heading.av-av_heading-a06826d41f3aac696cb4857e9b359327 .av-special-heading-tag{\nfont-size:0.8em;\n}\n}\n<\/style>\n<div  class='av-special-heading av-av_heading-a06826d41f3aac696cb4857e9b359327 av-special-heading-h3 blockquote modern-quote  avia-builder-el-2  el_before_av_textblock  avia-builder-el-first  av-inherit-size'><h3 class='av-special-heading-tag '  itemprop=\"headline\"  >Oreme Zahlungen<\/h3><div class=\"special-heading-border\"><div class=\"special-heading-inner-border\"><\/div><\/div><\/div><br \/>\n<section  class='av_textblock_section av-jlf6qxjq-30834de60964b9bc6b26625d9fad76c9 '   itemscope=\"itemscope\" itemtype=\"https:\/\/schema.org\/CreativeWork\" ><div class='avia_textblock'  itemprop=\"text\" ><p>M\u00f6chten Sie f\u00fcr eine pers\u00f6nliche E-Evaluierung per Telefon oder Skype (\u20ac200,-) zahlen, eine \u20ac200,- Anzahlung f\u00fcr einen Ganzk\u00f6rperuntersuchungstermin in Br\u00fcssel machen (\u20ac350,-) oder \u20ac50,00 f\u00fcr eine\u00a0Folgeberatung nach einer Behandlung (Skype; 10 Min.) zahlen?<\/p>\n<p>Dies k\u00f6nnen entweder per <strong>\u00dcberweisung<\/strong> oder <strong>PayPal<\/strong> tun.<\/p>\n<\/div><\/section><\/p><\/div><\/div><\/div><\/main><!-- close content main element --><\/div><\/div><\/div><div id='after_section_1'  class='main_color av_default_container_wrap container_wrap sidebar_right'  ><div class='container av-section-cont-open' ><div class='template-page content  av-content-small alpha units'><div class='post-entry post-entry-type-page post-entry-1755'><div class='entry-content-wrapper clearfix'>\n<style type=\"text\/css\" data-created_by=\"avia_inline_auto\" id=\"style-css-av-av_one_half-15d750bd1b332b34c6e70b077ebbccdf\">\n.flex_column.av-av_one_half-15d750bd1b332b34c6e70b077ebbccdf{\nborder-radius:0px 0px 0px 0px;\npadding:0px 0px 0px 0px;\n}\n<\/style>\n<div  class='flex_column av-av_one_half-15d750bd1b332b34c6e70b077ebbccdf av_one_half  avia-builder-el-4  el_after_av_section  el_before_av_one_half  avia-builder-el-first  first flex_column_div av-zero-column-padding  '     ><p>\n<style type=\"text\/css\" data-created_by=\"avia_inline_auto\" id=\"style-css-av-av_heading-981c0e81b00e8a6cf6ad3f6328653058\">\n#top .av-special-heading.av-av_heading-981c0e81b00e8a6cf6ad3f6328653058{\npadding-bottom:20px;\nfont-size:34px;\n}\nbody .av-special-heading.av-av_heading-981c0e81b00e8a6cf6ad3f6328653058 .av-special-heading-tag .heading-char{\nfont-size:25px;\n}\n#top #wrap_all .av-special-heading.av-av_heading-981c0e81b00e8a6cf6ad3f6328653058 .av-special-heading-tag{\nfont-size:34px;\n}\n.av-special-heading.av-av_heading-981c0e81b00e8a6cf6ad3f6328653058 .av-subheading{\nfont-size:15px;\n}\n\n@media only screen and (min-width: 480px) and (max-width: 767px){ \n#top #wrap_all .av-special-heading.av-av_heading-981c0e81b00e8a6cf6ad3f6328653058 .av-special-heading-tag{\nfont-size:0.8em;\n}\n}\n\n@media only screen and (max-width: 479px){ \n#top #wrap_all .av-special-heading.av-av_heading-981c0e81b00e8a6cf6ad3f6328653058 .av-special-heading-tag{\nfont-size:0.8em;\n}\n}\n<\/style>\n<div  class='av-special-heading av-av_heading-981c0e81b00e8a6cf6ad3f6328653058 av-special-heading-h4 blockquote modern-quote  avia-builder-el-5  el_before_av_textblock  avia-builder-el-first  av-inherit-size'><h4 class='av-special-heading-tag '  itemprop=\"headline\"  >Per Bank\u00fcberweisung zahlen<\/h4><div class=\"special-heading-border\"><div class=\"special-heading-inner-border\"><\/div><\/div><\/div><br \/>\n<section  class='av_textblock_section av-jlf6tbec-b9c86defc90146e649aa3bb8a38229a9 '   itemscope=\"itemscope\" itemtype=\"https:\/\/schema.org\/CreativeWork\" ><div class='avia_textblock'  itemprop=\"text\" ><p>Bitte \u00fcberweisen Sie auf folgendes Konto:<\/p>\n<p><strong>Oreme\u00a0PGmbH<\/strong><br \/>\n<strong>KBC Bank<\/strong><br \/>\n<strong>IBAN: BE49 7360 3410 5971<\/strong><br \/>\n<strong>SWIFT\/BIC: KREDBEBB<\/strong><\/p>\n<ul>\n<li>\u20ac200,00 f\u00fcr eine pers\u00f6nliche Beratung per Skype,<\/li>\n<li>\u20ac200,00 Anzahlung f\u00fcr einen Ganzk\u00f6rperuntersuchungstermin in Br\u00fcssel (\u20ac350,00),<\/li>\n<li>\u20ac50,00 f\u00fcr eine\u00a0Folgeberatung nach einer Behandlung (Skype; 10 Min.).<\/li>\n<\/ul>\n<p>Sollten Sie f\u00fcr eine andere Person zahlen, bitte geben Sie den Namenr dieser Person im Verwendungszweck an.<\/p>\n<\/div><\/section><\/p><\/div>\n<style type=\"text\/css\" data-created_by=\"avia_inline_auto\" id=\"style-css-av-av_one_half-c8fc129dc35fd1ae2a1e410224d39ea8\">\n.flex_column.av-av_one_half-c8fc129dc35fd1ae2a1e410224d39ea8{\nborder-radius:0px 0px 0px 0px;\npadding:0px 0px 0px 0px;\n}\n<\/style>\n<div  class='flex_column av-av_one_half-c8fc129dc35fd1ae2a1e410224d39ea8 av_one_half  avia-builder-el-7  el_after_av_one_half  avia-builder-el-last  flex_column_div av-zero-column-padding  '     ><p>\n<style type=\"text\/css\" data-created_by=\"avia_inline_auto\" id=\"style-css-av-av_heading-350126cedb6c559850115abd09890904\">\n#top .av-special-heading.av-av_heading-350126cedb6c559850115abd09890904{\npadding-bottom:20px;\nfont-size:34px;\n}\nbody .av-special-heading.av-av_heading-350126cedb6c559850115abd09890904 .av-special-heading-tag .heading-char{\nfont-size:25px;\n}\n#top #wrap_all .av-special-heading.av-av_heading-350126cedb6c559850115abd09890904 .av-special-heading-tag{\nfont-size:34px;\n}\n.av-special-heading.av-av_heading-350126cedb6c559850115abd09890904 .av-subheading{\nfont-size:15px;\n}\n\n@media only screen and (min-width: 480px) and (max-width: 767px){ \n#top #wrap_all .av-special-heading.av-av_heading-350126cedb6c559850115abd09890904 .av-special-heading-tag{\nfont-size:0.8em;\n}\n}\n\n@media only screen and (max-width: 479px){ \n#top #wrap_all .av-special-heading.av-av_heading-350126cedb6c559850115abd09890904 .av-special-heading-tag{\nfont-size:0.8em;\n}\n}\n<\/style>\n<div  class='av-special-heading av-av_heading-350126cedb6c559850115abd09890904 av-special-heading-h4 blockquote modern-quote  avia-builder-el-8  el_before_av_textblock  avia-builder-el-first  av-inherit-size'><h4 class='av-special-heading-tag '  itemprop=\"headline\"  >Per PayPal zahlen<\/h4><div class=\"special-heading-border\"><div class=\"special-heading-inner-border\"><\/div><\/div><\/div><br \/>\n<section  class='av_textblock_section av-jlf6st4j-3de8c110783a9c5052082d463f515265 '   itemscope=\"itemscope\" itemtype=\"https:\/\/schema.org\/CreativeWork\" ><div class='avia_textblock'  itemprop=\"text\" ><p>Bitte ausw\u00e4hlen, ob Sie \u20ac200,- f\u00fcr eine pers\u00f6nliche E-Evaluierung per Skype zahlen, \u00a0eine \u20ac200,- Anzahlung f\u00fcr einen Ganzk\u00f6rperuntersuchungstermin in Br\u00fcssel machen (\u20ac350,-) oder \u20ac50,- f\u00fcr eine\u00a0Folgeberatung nach einer Behandlung (Skype; 10 Min.) zahlen.<\/p>\n<\/div><\/section><br \/>\n<\/p><\/div><\/p>\n","protected":false},"excerpt":{"rendered":"","protected":false},"author":1,"featured_media":0,"parent":0,"menu_order":43,"comment_status":"closed","ping_status":"closed","template":"","meta":{"footnotes":""},"class_list":["post-1755","page","type-page","status-publish","hentry"],"yoast_head":"<!-- This site is optimized with the Yoast SEO plugin v27.2 - https:\/\/yoast.com\/product\/yoast-seo-wordpress\/ -->\n<title>Zahlungen &#8211; oreme - Nichtinvasive orthop\u00e4dische regenerative Medizin der n\u00e4chsten Generation in Europa<\/title>\n<meta name=\"robots\" content=\"index, follow, max-snippet:-1, max-image-preview:large, max-video-preview:-1\" \/>\n<link rel=\"canonical\" href=\"https:\/\/oreme.eu\/de\/zahlungen\/\" \/>\n<meta property=\"og:locale\" content=\"de_DE\" \/>\n<meta property=\"og:type\" content=\"article\" \/>\n<meta property=\"og:title\" content=\"Zahlungen &#8211; oreme - Nichtinvasive orthop\u00e4dische regenerative Medizin der n\u00e4chsten Generation in Europa\" \/>\n<meta property=\"og:url\" content=\"https:\/\/oreme.eu\/de\/zahlungen\/\" \/>\n<meta property=\"og:site_name\" content=\"oreme - Nichtinvasive orthop\u00e4dische regenerative Medizin der n\u00e4chsten Generation in Europa\" \/>\n<meta property=\"article:publisher\" content=\"https:\/\/www.facebook.com\/oreme.eu\" \/>\n<meta property=\"article:modified_time\" content=\"2021-01-13T13:36:13+00:00\" \/>\n<meta property=\"og:image\" content=\"https:\/\/www.paypalobjects.com\/en_US\/i\/scr\/pixel.gif\" \/>\n<meta name=\"twitter:card\" content=\"summary_large_image\" \/>\n<meta name=\"twitter:site\" content=\"@Oreme_Regenexx\" \/>\n<meta name=\"twitter:label1\" content=\"Gesch\u00e4tzte Lesezeit\" \/>\n\t<meta name=\"twitter:data1\" content=\"4\u00a0Minuten\" \/>\n<script type=\"application\/ld+json\" class=\"yoast-schema-graph\">{\"@context\":\"https:\/\/schema.org\",\"@graph\":[{\"@type\":\"WebPage\",\"@id\":\"https:\/\/oreme.eu\/de\/zahlungen\/\",\"url\":\"https:\/\/oreme.eu\/de\/zahlungen\/\",\"name\":\"Zahlungen &#8211; oreme - Nichtinvasive orthop\u00e4dische regenerative Medizin der n\u00e4chsten Generation in Europa\",\"isPartOf\":{\"@id\":\"https:\/\/oreme.eu\/de\/#website\"},\"primaryImageOfPage\":{\"@id\":\"https:\/\/oreme.eu\/de\/zahlungen\/#primaryimage\"},\"image\":{\"@id\":\"https:\/\/oreme.eu\/de\/zahlungen\/#primaryimage\"},\"thumbnailUrl\":\"https:\/\/www.paypalobjects.com\/en_US\/i\/scr\/pixel.gif\",\"datePublished\":\"2018-04-29T14:33:45+00:00\",\"dateModified\":\"2021-01-13T13:36:13+00:00\",\"breadcrumb\":{\"@id\":\"https:\/\/oreme.eu\/de\/zahlungen\/#breadcrumb\"},\"inLanguage\":\"de\",\"potentialAction\":[{\"@type\":\"ReadAction\",\"target\":[\"https:\/\/oreme.eu\/de\/zahlungen\/\"]}]},{\"@type\":\"ImageObject\",\"inLanguage\":\"de\",\"@id\":\"https:\/\/oreme.eu\/de\/zahlungen\/#primaryimage\",\"url\":\"https:\/\/www.paypalobjects.com\/en_US\/i\/scr\/pixel.gif\",\"contentUrl\":\"https:\/\/www.paypalobjects.com\/en_US\/i\/scr\/pixel.gif\"},{\"@type\":\"BreadcrumbList\",\"@id\":\"https:\/\/oreme.eu\/de\/zahlungen\/#breadcrumb\",\"itemListElement\":[{\"@type\":\"ListItem\",\"position\":1,\"name\":\"Home\",\"item\":\"https:\/\/oreme.eu\/de\/\"},{\"@type\":\"ListItem\",\"position\":2,\"name\":\"Zahlungen\"}]},{\"@type\":\"WebSite\",\"@id\":\"https:\/\/oreme.eu\/de\/#website\",\"url\":\"https:\/\/oreme.eu\/de\/\",\"name\":\"oreme - Nichtinvasive orthop\u00e4dische regenerative Medizin der n\u00e4chsten Generation in Europa\",\"description\":\"\",\"publisher\":{\"@id\":\"https:\/\/oreme.eu\/de\/#organization\"},\"potentialAction\":[{\"@type\":\"SearchAction\",\"target\":{\"@type\":\"EntryPoint\",\"urlTemplate\":\"https:\/\/oreme.eu\/de\/?s={search_term_string}\"},\"query-input\":{\"@type\":\"PropertyValueSpecification\",\"valueRequired\":true,\"valueName\":\"search_term_string\"}}],\"inLanguage\":\"de\"},{\"@type\":\"Organization\",\"@id\":\"https:\/\/oreme.eu\/de\/#organization\",\"name\":\"OREME PGmbH\",\"url\":\"https:\/\/oreme.eu\/de\/\",\"logo\":{\"@type\":\"ImageObject\",\"inLanguage\":\"de\",\"@id\":\"https:\/\/oreme.eu\/de\/#\/schema\/logo\/image\/\",\"url\":\"https:\/\/oreme.eu\/wp-content\/uploads\/2017\/01\/oreme-logo-quer-retina.png\",\"contentUrl\":\"https:\/\/oreme.eu\/wp-content\/uploads\/2017\/01\/oreme-logo-quer-retina.png\",\"width\":690,\"height\":312,\"caption\":\"OREME PGmbH\"},\"image\":{\"@id\":\"https:\/\/oreme.eu\/de\/#\/schema\/logo\/image\/\"},\"sameAs\":[\"https:\/\/www.facebook.com\/oreme.eu\",\"https:\/\/x.com\/Oreme_Regenexx\",\"https:\/\/www.instagram.com\/oreme_regenexx\/\"]}]}<\/script>\n<!-- \/ Yoast SEO plugin. -->","yoast_head_json":{"title":"Zahlungen &#8211; oreme - Nichtinvasive orthop\u00e4dische regenerative Medizin der n\u00e4chsten Generation in Europa","robots":{"index":"index","follow":"follow","max-snippet":"max-snippet:-1","max-image-preview":"max-image-preview:large","max-video-preview":"max-video-preview:-1"},"canonical":"https:\/\/oreme.eu\/de\/zahlungen\/","og_locale":"de_DE","og_type":"article","og_title":"Zahlungen &#8211; oreme - Nichtinvasive orthop\u00e4dische regenerative Medizin der n\u00e4chsten Generation in Europa","og_url":"https:\/\/oreme.eu\/de\/zahlungen\/","og_site_name":"oreme - Nichtinvasive orthop\u00e4dische regenerative Medizin der n\u00e4chsten Generation in Europa","article_publisher":"https:\/\/www.facebook.com\/oreme.eu","article_modified_time":"2021-01-13T13:36:13+00:00","og_image":[{"url":"https:\/\/www.paypalobjects.com\/en_US\/i\/scr\/pixel.gif","type":"","width":"","height":""}],"twitter_card":"summary_large_image","twitter_site":"@Oreme_Regenexx","twitter_misc":{"Gesch\u00e4tzte Lesezeit":"4\u00a0Minuten"},"schema":{"@context":"https:\/\/schema.org","@graph":[{"@type":"WebPage","@id":"https:\/\/oreme.eu\/de\/zahlungen\/","url":"https:\/\/oreme.eu\/de\/zahlungen\/","name":"Zahlungen &#8211; oreme - Nichtinvasive orthop\u00e4dische regenerative Medizin der n\u00e4chsten Generation in Europa","isPartOf":{"@id":"https:\/\/oreme.eu\/de\/#website"},"primaryImageOfPage":{"@id":"https:\/\/oreme.eu\/de\/zahlungen\/#primaryimage"},"image":{"@id":"https:\/\/oreme.eu\/de\/zahlungen\/#primaryimage"},"thumbnailUrl":"https:\/\/www.paypalobjects.com\/en_US\/i\/scr\/pixel.gif","datePublished":"2018-04-29T14:33:45+00:00","dateModified":"2021-01-13T13:36:13+00:00","breadcrumb":{"@id":"https:\/\/oreme.eu\/de\/zahlungen\/#breadcrumb"},"inLanguage":"de","potentialAction":[{"@type":"ReadAction","target":["https:\/\/oreme.eu\/de\/zahlungen\/"]}]},{"@type":"ImageObject","inLanguage":"de","@id":"https:\/\/oreme.eu\/de\/zahlungen\/#primaryimage","url":"https:\/\/www.paypalobjects.com\/en_US\/i\/scr\/pixel.gif","contentUrl":"https:\/\/www.paypalobjects.com\/en_US\/i\/scr\/pixel.gif"},{"@type":"BreadcrumbList","@id":"https:\/\/oreme.eu\/de\/zahlungen\/#breadcrumb","itemListElement":[{"@type":"ListItem","position":1,"name":"Home","item":"https:\/\/oreme.eu\/de\/"},{"@type":"ListItem","position":2,"name":"Zahlungen"}]},{"@type":"WebSite","@id":"https:\/\/oreme.eu\/de\/#website","url":"https:\/\/oreme.eu\/de\/","name":"oreme - Nichtinvasive orthop\u00e4dische regenerative Medizin der n\u00e4chsten Generation in Europa","description":"","publisher":{"@id":"https:\/\/oreme.eu\/de\/#organization"},"potentialAction":[{"@type":"SearchAction","target":{"@type":"EntryPoint","urlTemplate":"https:\/\/oreme.eu\/de\/?s={search_term_string}"},"query-input":{"@type":"PropertyValueSpecification","valueRequired":true,"valueName":"search_term_string"}}],"inLanguage":"de"},{"@type":"Organization","@id":"https:\/\/oreme.eu\/de\/#organization","name":"OREME PGmbH","url":"https:\/\/oreme.eu\/de\/","logo":{"@type":"ImageObject","inLanguage":"de","@id":"https:\/\/oreme.eu\/de\/#\/schema\/logo\/image\/","url":"https:\/\/oreme.eu\/wp-content\/uploads\/2017\/01\/oreme-logo-quer-retina.png","contentUrl":"https:\/\/oreme.eu\/wp-content\/uploads\/2017\/01\/oreme-logo-quer-retina.png","width":690,"height":312,"caption":"OREME PGmbH"},"image":{"@id":"https:\/\/oreme.eu\/de\/#\/schema\/logo\/image\/"},"sameAs":["https:\/\/www.facebook.com\/oreme.eu","https:\/\/x.com\/Oreme_Regenexx","https:\/\/www.instagram.com\/oreme_regenexx\/"]}]}},"jetpack_sharing_enabled":true,"_links":{"self":[{"href":"https:\/\/oreme.eu\/de\/wp-json\/wp\/v2\/pages\/1755","targetHints":{"allow":["GET"]}}],"collection":[{"href":"https:\/\/oreme.eu\/de\/wp-json\/wp\/v2\/pages"}],"about":[{"href":"https:\/\/oreme.eu\/de\/wp-json\/wp\/v2\/types\/page"}],"author":[{"embeddable":true,"href":"https:\/\/oreme.eu\/de\/wp-json\/wp\/v2\/users\/1"}],"replies":[{"embeddable":true,"href":"https:\/\/oreme.eu\/de\/wp-json\/wp\/v2\/comments?post=1755"}],"version-history":[{"count":19,"href":"https:\/\/oreme.eu\/de\/wp-json\/wp\/v2\/pages\/1755\/revisions"}],"predecessor-version":[{"id":2812,"href":"https:\/\/oreme.eu\/de\/wp-json\/wp\/v2\/pages\/1755\/revisions\/2812"}],"wp:attachment":[{"href":"https:\/\/oreme.eu\/de\/wp-json\/wp\/v2\/media?parent=1755"}],"curies":[{"name":"wp","href":"https:\/\/api.w.org\/{rel}","templated":true}]}}