{"id":2389,"date":"2019-07-26T23:36:16","date_gmt":"2019-07-26T23:36:16","guid":{"rendered":"https:\/\/oreme.eu\/?page_id=2389"},"modified":"2026-03-25T10:12:27","modified_gmt":"2026-03-25T10:12:27","slug":"willkommen","status":"publish","type":"page","link":"https:\/\/oreme.eu\/de\/","title":{"rendered":"Willkommen"},"content":{"rendered":"<div id='full_slider_1'  class='avia-fullwidth-slider main_color avia-shadow   avia-builder-el-0  el_before_av_section  avia-builder-el-first   container_wrap sidebar_right'  >\n<style type=\"text\/css\" data-created_by=\"avia_inline_auto\" id=\"style-css-av-jyj543ac-17e383191848355aa51a04dc821e6aa4\">\n#top #wrap_all .avia-slideshow .av-slideshow-caption.av-jyj543ac-17e383191848355aa51a04dc821e6aa4__0 .avia-caption-title{\nfont-size:44px;\n}\n#top .avia-slideshow .av-slideshow-caption.av-jyj543ac-17e383191848355aa51a04dc821e6aa4__0 .avia-caption-content{\nfont-size:22px;\n}\n#top .avia-slideshow .av-slideshow-caption.av-jyj543ac-17e383191848355aa51a04dc821e6aa4__0 .avia-caption-content p{\nfont-size:22px;\n}\n\n@media only screen and (min-width: 768px) and (max-width: 989px){ \n#top #wrap_all .avia-slideshow .av-slideshow-caption.av-jyj543ac-17e383191848355aa51a04dc821e6aa4__0 .avia-caption-title{\nfont-size:30px;\n}\n#top .avia-slideshow .av-slideshow-caption.av-jyj543ac-17e383191848355aa51a04dc821e6aa4__0 .avia-caption-content{\nfont-size:17px;\n}\n#top .avia-slideshow .av-slideshow-caption.av-jyj543ac-17e383191848355aa51a04dc821e6aa4__0 .avia-caption-content p{\nfont-size:17px;\n}\n}\n\n@media only screen and (max-width: 479px){ \n#top #wrap_all .avia-slideshow .av-slideshow-caption.av-jyj543ac-17e383191848355aa51a04dc821e6aa4__0 .avia-caption-title{\nfont-size:25px;\n}\n#top .avia-slideshow .av-slideshow-caption.av-jyj543ac-17e383191848355aa51a04dc821e6aa4__0 .avia-caption-content{\nfont-size:19px;\n}\n#top .avia-slideshow .av-slideshow-caption.av-jyj543ac-17e383191848355aa51a04dc821e6aa4__0 .avia-caption-content p{\nfont-size:19px;\n}\n}\n<\/style>\n<div  class='avia-slideshow av-jyj543ac-17e383191848355aa51a04dc821e6aa4 avia-slideshow-featured_large av_slideshow_full avia-slide-slider av-slideshow-ui av-control-hidden av-no-slider-navigation av-hide-nav-arrows av-slideshow-autoplay av-loop-endless av-loop-manual-endless av-default-height-applied   avia-slideshow-1' data-slideshow-options=\"{&quot;animation&quot;:&quot;slide&quot;,&quot;autoplay&quot;:true,&quot;loop_autoplay&quot;:&quot;endless&quot;,&quot;interval&quot;:5,&quot;loop_manual&quot;:&quot;manual-endless&quot;,&quot;autoplay_stopper&quot;:false,&quot;noNavigation&quot;:true,&quot;bg_slider&quot;:false,&quot;keep_padding&quot;:false,&quot;hoverpause&quot;:false,&quot;show_slide_delay&quot;:0}\"  itemprop=\"image\" itemscope=\"itemscope\" itemtype=\"https:\/\/schema.org\/ImageObject\" ><ul class='avia-slideshow-inner ' style='padding-bottom: 42%;'><li  class='avia-slideshow-slide av-jyj543ac-17e383191848355aa51a04dc821e6aa4__0  av-single-slide slide-1 slide-odd'><div data-rel='slideshow-1' class='avia-slide-wrap '   ><div class='av-slideshow-caption av-jyj543ac-17e383191848355aa51a04dc821e6aa4__0 caption_fullwidth caption_left'><div class=\"container caption_container\"><div class=\"slideshow_caption\"><div class=\"slideshow_inner_caption\"><div class=\"slideshow_align_caption\"><h2 class='avia-caption-title '  itemprop=\"name\" >Willkommen bei Oreme<\/h2><div class='avia-caption-content '  itemprop=\"description\" ><p>Orthop\u00e4dische regenerative Medizin der n\u00e4chsten Generation in Europa.<\/p>\n<\/div><\/div><\/div><\/div><\/div><\/div><img decoding=\"async\" fetchpriority=\"high\" class=\"wp-image-2281 avia-img-lazy-loading-not-2281\"  src=\"https:\/\/oreme.eu\/wp-content\/uploads\/2018\/03\/shoulder-surgery-alternative-1500x630.jpg\" width=\"1500\" height=\"630\" title='shoulder-surgery-alternative' alt=''  itemprop=\"thumbnailUrl\"   \/><div class='av-section-color-overlay' style='opacity: 0.3; background-color: #2c4d9c; '><\/div><\/div><\/li><\/ul><\/div><\/div>\n\n<style type=\"text\/css\" data-created_by=\"avia_inline_auto\" id=\"style-css-av-rcspau-4ab5ea15e3b309c02e5d15618462f7ce\">\n.avia-section.av-rcspau-4ab5ea15e3b309c02e5d15618462f7ce{\nbackground-color:#2c4d9c;\nbackground-image:unset;\n}\n.avia-section.av-rcspau-4ab5ea15e3b309c02e5d15618462f7ce .av-extra-border-element .av-extra-border-inner{\nbackground-color:#2c4d9c;\n}\n<\/style>\n<div id='av_section_1'  class='avia-section av-rcspau-4ab5ea15e3b309c02e5d15618462f7ce main_color avia-section-default avia-no-border-styling  avia-builder-el-1  el_after_av_slideshow_full  el_before_av_section  avia-bg-style-scroll av-arrow-down-section container_wrap sidebar_right'  ><div class='container av-section-cont-open' ><div class='template-page content  av-content-small alpha units'><div class='post-entry post-entry-type-page post-entry-2389'><div class='entry-content-wrapper clearfix'>\n\n<style type=\"text\/css\" data-created_by=\"avia_inline_auto\" id=\"style-css-av-ozp7t2-a5acb456e82c3aa077ed2f3fa8854974\">\n#top .av_textblock_section.av-ozp7t2-a5acb456e82c3aa077ed2f3fa8854974 .avia_textblock{\nfont-size:25px;\ncolor:#ffffff;\n}\n\n@media only screen and (max-width: 479px){ \n#top .av_textblock_section.av-ozp7t2-a5acb456e82c3aa077ed2f3fa8854974 .avia_textblock{\nfont-size:22px;\n}\n}\n<\/style>\n<section  class='av_textblock_section av-ozp7t2-a5acb456e82c3aa077ed2f3fa8854974 '   itemscope=\"itemscope\" itemtype=\"https:\/\/schema.org\/CreativeWork\" ><div class='avia_textblock av_inherit_color'  itemprop=\"text\" ><p dir=\"auto\" style=\"text-align: center;\">OREME bietet moderne Stammzell- und PRP-Therapien (Blutpl\u00e4ttchen-reiches Plasma) als Teil eines ganzheitlichen regenerativen Konzepts zur Behandlung von orthop\u00e4dischen Verletzungen, Arthritis, Wirbels\u00e4ulenpathologien und weiteren degenerativen Erkrankungen des Bewegungsapparates. Diese Therapien f\u00fchren wir nun in enger Kooperation mit der <a href=\"https:\/\/biologische-tagesklinik.ch\">Biologischen Tagesklinik Dr. Rupp<\/a><\/p>\n<\/div><\/section>\n\n<style type=\"text\/css\" data-created_by=\"avia_inline_auto\" id=\"style-css-av-nd6b1i-a50318af678a9f65233742b90388b5d3\">\n#top .av_textblock_section.av-nd6b1i-a50318af678a9f65233742b90388b5d3 .avia_textblock{\nfont-size:20px;\ncolor:#ffffff;\n}\n\n@media only screen and (max-width: 479px){ \n#top .av_textblock_section.av-nd6b1i-a50318af678a9f65233742b90388b5d3 .avia_textblock{\nfont-size:18px;\n}\n}\n<\/style>\n<section  class='av_textblock_section av-nd6b1i-a50318af678a9f65233742b90388b5d3 '   itemscope=\"itemscope\" itemtype=\"https:\/\/schema.org\/CreativeWork\" ><div class='avia_textblock av_inherit_color'  itemprop=\"text\" ><p style=\"text-align: center;\">Unsere Verfahren unterst\u00fctzen Ihre k\u00f6rpereigene F\u00e4higkeit, besch\u00e4digte Muskeln, Sehnen, B\u00e4nder, Knorpel, Bandscheiben und Knochen zu heilen.<\/p>\n<\/div><\/section>\n<\/div><\/div><\/div><!-- close content main div --><\/div><div class='av-extra-border-element border-extra-arrow-down'><div class='av-extra-border-outer'><div class='av-extra-border-inner'><\/div><\/div><\/div><\/div><div id='av_section_2'  class='avia-section av-lt09ty-e05932a7fad36c1b1fa858cfe87ebc5c main_color avia-section-large avia-no-border-styling  avia-builder-el-4  el_after_av_section  avia-builder-el-last  avia-bg-style-scroll container_wrap sidebar_right'  ><div class='container av-section-cont-open' ><div class='template-page content  av-content-small alpha units'><div class='post-entry post-entry-type-page post-entry-2389'><div class='entry-content-wrapper clearfix'>\n<div class='flex_column_table av-l7hvqu-29c314cc74bc5998487b29a8a54b4cb4 sc-av_one_half av-equal-height-column-flextable'>\n<style type=\"text\/css\" data-created_by=\"avia_inline_auto\" id=\"style-css-av-l7hvqu-29c314cc74bc5998487b29a8a54b4cb4\">\n.flex_column.av-l7hvqu-29c314cc74bc5998487b29a8a54b4cb4{\nborder-radius:0px 0px 0px 0px;\npadding:40px 40px 40px 40px;\nbackground-color:#2c4d9c;\n}\n<\/style>\n<div  class='flex_column av-l7hvqu-29c314cc74bc5998487b29a8a54b4cb4 av_one_half  avia-builder-el-5  el_before_av_one_half  avia-builder-el-first  first no_margin flex_column_table_cell av-equal-height-column av-align-top  '     ><p>\n<style type=\"text\/css\" data-created_by=\"avia_inline_auto\" id=\"style-css-av-ivi1py-ac755448430dcc92feb3a56b41c5d12f\">\n.av_font_icon.av-ivi1py-ac755448430dcc92feb3a56b41c5d12f{\ncolor:#ffffff;\nborder-color:#ffffff;\n}\n.avia-svg-icon.av-ivi1py-ac755448430dcc92feb3a56b41c5d12f svg:first-child{\nstroke:#ffffff;\nfill:#ffffff;\n}\n.av_font_icon.av-ivi1py-ac755448430dcc92feb3a56b41c5d12f .av-icon-char{\nfont-size:60px;\nline-height:60px;\n}\n<\/style>\n<span  class='av_font_icon av-ivi1py-ac755448430dcc92feb3a56b41c5d12f avia_animate_when_visible av-icon-style- avia-icon-pos-center avia-iconfont avia-font-entypo-fontello avia-icon-animate'><span class='av-icon-char' data-av_icon='\ue8cc' data-av_iconfont='entypo-fontello' aria-hidden=\"true\" ><\/span><\/span><br \/>\n\n<style type=\"text\/css\" data-created_by=\"avia_inline_auto\" id=\"style-css-av-h9x03a-6bb66ebddafd6c84ecb306777299cbaf\">\n#top .hr.hr-invisible.av-h9x03a-6bb66ebddafd6c84ecb306777299cbaf{\nheight:20px;\n}\n<\/style>\n<div  class='hr av-h9x03a-6bb66ebddafd6c84ecb306777299cbaf hr-invisible  avia-builder-el-7  el_after_av_font_icon  el_before_av_textblock '><span class='hr-inner '><span class=\"hr-inner-style\"><\/span><\/span><\/div><br \/>\n\n<style type=\"text\/css\" data-created_by=\"avia_inline_auto\" id=\"style-css-av-gdjvna-aeafa5284fcf972380e0420b6d7f6313\">\n#top .av_textblock_section.av-gdjvna-aeafa5284fcf972380e0420b6d7f6313 .avia_textblock{\ncolor:#ffffff;\n}\n<\/style>\n<section  class='av_textblock_section av-gdjvna-aeafa5284fcf972380e0420b6d7f6313 '   itemscope=\"itemscope\" itemtype=\"https:\/\/schema.org\/CreativeWork\" ><div class='avia_textblock av_inherit_color'  itemprop=\"text\" ><h2 style=\"text-align: center;\">Blutpl\u00e4ttchen-Behandlung<\/h2>\n<h5 style=\"text-align: center;\">Hochkonzentriertes thrombozytenreiches Plasma und das weiterentwickelte Thrombozyten-Lysat-Verfahren<\/h5>\n<p style=\"text-align: center;\">Das hochkonzentrierte thrombozytenreiche Plasma (Platelet Rich Plasma\/PRP) und die Thrombozyten-Lysat-Injektions-Behandlung (PLP) enthalten heilende Wachstumskomponenten aus Ihrem eigenen Blut, die die nat\u00fcrliche Reparaturf\u00e4higkeit Ihres K\u00f6rpers erh\u00f6hen. Die Verwendung von PRP zur Reparatur von Gelenk-, Sehnen-, B\u00e4nder- und Muskelverletzungen wird dank der Weiterempfehlung von professionellen Sportlern immer bekannter. Thrombozyten-Injektions-Behandlungen sind wirksam, weil sie eine stimulierende Wirkung auf die Stammzellen im Zielbereich haben, so dass diese Stammzellen h\u00e4rter arbeiten, um gesch\u00e4digtes Gewebe zu heilen.<\/p>\n<p style=\"text-align: center;\">Unser Thrombozyten-Verfahren ist reiner und konzentrierter als jene, die durch die automatisierten Maschinen in den meisten Kliniken f\u00fcr regenerative Medizin erzeugt werden. Thrombozyten-Verfahren werden h\u00e4ufig f\u00fcr Weichteilverletzungen, leichte Arthritis und Wirbels\u00e4ulenerkrankungen eingesetzt.<\/p>\n<\/div><\/section><br \/>\n\n<style type=\"text\/css\" data-created_by=\"avia_inline_auto\" id=\"style-css-av-eok0py-60c21c172f6e5492fb8e21a3d698b552\">\n#top .hr.hr-invisible.av-eok0py-60c21c172f6e5492fb8e21a3d698b552{\nheight:8px;\n}\n<\/style>\n<div  class='hr av-eok0py-60c21c172f6e5492fb8e21a3d698b552 hr-invisible  avia-builder-el-9  el_after_av_textblock  avia-builder-el-last '><span class='hr-inner '><span class=\"hr-inner-style\"><\/span><\/span><\/div><\/p><\/div>\n<style type=\"text\/css\" data-created_by=\"avia_inline_auto\" id=\"style-css-av-bwuk1i-bd9885ba3b379e3f06ee2a22bbed7d03\">\n.flex_column.av-bwuk1i-bd9885ba3b379e3f06ee2a22bbed7d03{\nborder-radius:0px 0px 0px 0px;\npadding:40px 40px 40px 40px;\nbackground-color:#7294cd;\n}\n<\/style>\n<div  class='flex_column av-bwuk1i-bd9885ba3b379e3f06ee2a22bbed7d03 av_one_half  avia-builder-el-10  el_after_av_one_half  el_before_av_hr  no_margin flex_column_table_cell av-equal-height-column av-align-top  '     ><p>\n<style type=\"text\/css\" data-created_by=\"avia_inline_auto\" id=\"style-css-av-axkmg6-b16b60b1921a8a9598756ce2e22d0134\">\n.av_font_icon.av-axkmg6-b16b60b1921a8a9598756ce2e22d0134{\ncolor:#ffffff;\nborder-color:#ffffff;\n}\n.avia-svg-icon.av-axkmg6-b16b60b1921a8a9598756ce2e22d0134 svg:first-child{\nstroke:#ffffff;\nfill:#ffffff;\n}\n.av_font_icon.av-axkmg6-b16b60b1921a8a9598756ce2e22d0134 .av-icon-char{\nfont-size:60px;\nline-height:60px;\n}\n<\/style>\n<span  class='av_font_icon av-axkmg6-b16b60b1921a8a9598756ce2e22d0134 avia_animate_when_visible av-icon-style- avia-icon-pos-center avia-iconfont avia-font-medical avia-icon-animate'><span class='av-icon-char' data-av_icon='\uf110' data-av_iconfont='medical' aria-hidden=\"true\" ><\/span><\/span><br \/>\n\n<style type=\"text\/css\" data-created_by=\"avia_inline_auto\" id=\"style-css-av-9ans52-4b4e2928be8db3fb01dc4d8884d47ab3\">\n#top .hr.hr-invisible.av-9ans52-4b4e2928be8db3fb01dc4d8884d47ab3{\nheight:20px;\n}\n<\/style>\n<div  class='hr av-9ans52-4b4e2928be8db3fb01dc4d8884d47ab3 hr-invisible  avia-builder-el-12  el_after_av_font_icon  el_before_av_textblock '><span class='hr-inner '><span class=\"hr-inner-style\"><\/span><\/span><\/div><br \/>\n\n<style type=\"text\/css\" data-created_by=\"avia_inline_auto\" id=\"style-css-av-6wmn86-5033a9cba33364748b9ff356fc866d5c\">\n#top .av_textblock_section.av-6wmn86-5033a9cba33364748b9ff356fc866d5c .avia_textblock{\ncolor:#ffffff;\n}\n<\/style>\n<section  class='av_textblock_section av-6wmn86-5033a9cba33364748b9ff356fc866d5c '   itemscope=\"itemscope\" itemtype=\"https:\/\/schema.org\/CreativeWork\" ><div class='avia_textblock av_inherit_color'  itemprop=\"text\" ><h2 style=\"text-align: center;\">Stammzell-Behandlungen<\/h2>\n<h5 style=\"text-align: center;\">Ein-Tages-Stammzellprotokoll<\/h5>\n<p style=\"text-align: center;\">Adulte Stammzellen sind Zellen aus Ihrem eigenen K\u00f6rper, die sich selbst erneuern k\u00f6nnen und sich in andere Zellen verwandeln (differenzieren). Sie leben in uns allen in verschiedenen Geweben, bereit in Aktion zu treten, um Sch\u00e4den zu reparieren, wenn sie auftreten. Wenn wir \u00e4lter werden oder gro\u00dfe Verletzungen haben, sind wir m\u00f6glicherweise nicht in der Lage, genug dieser Zellen an den Standort zu rekrutieren, um das Gebiet vollst\u00e4ndig zu reparieren. Unser Stammzellverfahren kann helfen, dieses Problem zu l\u00f6sen, indem es Stammzellen aus einem Bereich mit hohem Volumen extrahiert, dann die Zellen konzentriert und sie wieder in den besch\u00e4digten Bereich injiziert, um dem K\u00f6rper zu helfen, sich auf nat\u00fcrliche Weise zu heilen.<\/p>\n<p style=\"text-align: center;\">Unser Stammzellverfahren kann bei einer Vielzahl von Erkrankungen eingesetzt werden, und ist vorzuziehen bei Verletzungen, Arthritis und andere Leiden, die mit unseren pl\u00e4ttchenreichen Plasma- oder Thrombozyten-Lysat-Verfahren nicht hinreichend behandelt werden k\u00f6nnen.<\/p>\n<\/div><\/section><br \/>\n\n<style type=\"text\/css\" data-created_by=\"avia_inline_auto\" id=\"style-css-av-611ll2-d62ebd65552d89ae8cd96b2cb15aeca0\">\n#top .hr.hr-invisible.av-611ll2-d62ebd65552d89ae8cd96b2cb15aeca0{\nheight:8px;\n}\n<\/style>\n<div  class='hr av-611ll2-d62ebd65552d89ae8cd96b2cb15aeca0 hr-invisible  avia-builder-el-14  el_after_av_textblock  avia-builder-el-last '><span class='hr-inner '><span class=\"hr-inner-style\"><\/span><\/span><\/div><\/p><\/div><\/div><!--close column table wrapper. Autoclose: 1 --><div  class='hr av-3tbvee-af2bc2f65b55b3ceb0ebdc549fe4eecf hr-default  avia-builder-el-15  el_after_av_one_half  el_before_av_one_full '><span class='hr-inner '><span class=\"hr-inner-style\"><\/span><\/span><\/div>\n\n<style type=\"text\/css\" data-created_by=\"avia_inline_auto\" id=\"style-css-av-2ddtn7-ef4d58e2ab530d14060e076b186dd945\">\n.flex_column.av-2ddtn7-ef4d58e2ab530d14060e076b186dd945{\nborder-radius:0px 0px 0px 0px;\npadding:25px 0 0 0;\n}\n<\/style>\n<div  class='flex_column av-2ddtn7-ef4d58e2ab530d14060e076b186dd945 av_one_full  avia-builder-el-16  el_after_av_hr  avia-builder-el-last  first flex_column_div  '     ><style type=\"text\/css\" data-created_by=\"avia_inline_auto\" id=\"style-css-av-250nti-9234b39551ceca27c03350312bc4b12a\">\n#top .av_textblock_section.av-250nti-9234b39551ceca27c03350312bc4b12a .avia_textblock{\nfont-size:25px;\ncolor:#222222;\n}\n<\/style>\n<section  class='av_textblock_section av-250nti-9234b39551ceca27c03350312bc4b12a '   itemscope=\"itemscope\" itemtype=\"https:\/\/schema.org\/CreativeWork\" ><div class='avia_textblock econsult av_inherit_color'  itemprop=\"text\" ><p style=\"text-align: center;\"><a href=\"https:\/\/OREME.as.me\/\" target=\"_blank\" rel=\"noopener\">Vereinbaren Sie eine online Konsultation <strong>hier<\/strong><\/a><\/p>\n<p style=\"text-align: center;\">Kontaktieren Sie uns f\u00fcr weitere Information<br \/>\n+41 71 354 80 00<\/p>\n<\/div><\/section><br \/>\n\n<style type=\"text\/css\" data-created_by=\"avia_inline_auto\" id=\"style-css-av-lnydouq6-0ac3da17b99ac74e567595607770a6ab\">\n#top .hr.hr-invisible.av-lnydouq6-0ac3da17b99ac74e567595607770a6ab{\nheight:25px;\n}\n<\/style>\n<div  class='hr av-lnydouq6-0ac3da17b99ac74e567595607770a6ab hr-invisible  avia-builder-el-18  el_after_av_textblock  avia-builder-el-last '><span class='hr-inner '><span class=\"hr-inner-style\"><\/span><\/span><\/div><\/p><\/div><\/div><\/div><\/div><!-- close content main div --><\/div><\/div><div id='after_section_2'  class='main_color av_default_container_wrap container_wrap sidebar_right'  ><div class='container av-section-cont-open' ><div class='template-page content  av-content-small alpha units'><div class='post-entry post-entry-type-page post-entry-2389'><div class='entry-content-wrapper clearfix'><\/p>\n","protected":false},"excerpt":{"rendered":"","protected":false},"author":1,"featured_media":0,"parent":0,"menu_order":1,"comment_status":"closed","ping_status":"closed","template":"","meta":{"footnotes":""},"class_list":["post-2389","page","type-page","status-publish","hentry"],"yoast_head":"<!-- This site is optimized with the Yoast SEO plugin v27.2 - https:\/\/yoast.com\/product\/yoast-seo-wordpress\/ -->\n<title>oreme - Nichtinvasive orthop\u00e4dische regenerative Medizin der n\u00e4chsten Generation in Europa<\/title>\n<meta name=\"description\" content=\"Orthop\u00e4dische regenerative Medizin der n\u00e4chsten Generation. Ein bew\u00e4hrter Anbieter f\u00fcr nicht-chirurgische Stammzellen- und Blutpl\u00e4ttchen-Behandlungen in Europa.\" \/>\n<meta name=\"robots\" content=\"index, follow, max-snippet:-1, max-image-preview:large, max-video-preview:-1\" \/>\n<link rel=\"canonical\" href=\"https:\/\/oreme.eu\/de\/\" \/>\n<meta property=\"og:locale\" content=\"de_DE\" \/>\n<meta property=\"og:type\" content=\"article\" \/>\n<meta property=\"og:title\" content=\"oreme - Nichtinvasive orthop\u00e4dische regenerative Medizin der n\u00e4chsten Generation in Europa\" \/>\n<meta property=\"og:description\" content=\"Orthop\u00e4dische regenerative Medizin der n\u00e4chsten Generation. Ein bew\u00e4hrter Anbieter f\u00fcr nicht-chirurgische Stammzellen- und Blutpl\u00e4ttchen-Behandlungen in Europa.\" \/>\n<meta property=\"og:url\" content=\"https:\/\/oreme.eu\/de\/\" \/>\n<meta property=\"og:site_name\" content=\"oreme - Nichtinvasive orthop\u00e4dische regenerative Medizin der n\u00e4chsten Generation in Europa\" \/>\n<meta property=\"article:publisher\" content=\"https:\/\/www.facebook.com\/oreme.eu\" \/>\n<meta property=\"article:modified_time\" content=\"2026-03-25T10:12:27+00:00\" \/>\n<meta name=\"twitter:card\" content=\"summary_large_image\" \/>\n<meta name=\"twitter:site\" content=\"@Oreme_Regenexx\" \/>\n<meta name=\"twitter:label1\" content=\"Gesch\u00e4tzte Lesezeit\" \/>\n\t<meta name=\"twitter:data1\" content=\"2\u00a0Minuten\" \/>\n<script type=\"application\/ld+json\" class=\"yoast-schema-graph\">{\"@context\":\"https:\/\/schema.org\",\"@graph\":[{\"@type\":\"WebPage\",\"@id\":\"https:\/\/oreme.eu\/de\/\",\"url\":\"https:\/\/oreme.eu\/de\/\",\"name\":\"oreme - Nichtinvasive orthop\u00e4dische regenerative Medizin der n\u00e4chsten Generation in Europa\",\"isPartOf\":{\"@id\":\"https:\/\/oreme.eu\/de\/#website\"},\"datePublished\":\"2019-07-26T23:36:16+00:00\",\"dateModified\":\"2026-03-25T10:12:27+00:00\",\"description\":\"Orthop\u00e4dische regenerative Medizin der n\u00e4chsten Generation. Ein bew\u00e4hrter Anbieter f\u00fcr nicht-chirurgische Stammzellen- und Blutpl\u00e4ttchen-Behandlungen in Europa.\",\"breadcrumb\":{\"@id\":\"https:\/\/oreme.eu\/de\/#breadcrumb\"},\"inLanguage\":\"de\",\"potentialAction\":[{\"@type\":\"ReadAction\",\"target\":[\"https:\/\/oreme.eu\/de\/\"]}]},{\"@type\":\"BreadcrumbList\",\"@id\":\"https:\/\/oreme.eu\/de\/#breadcrumb\",\"itemListElement\":[{\"@type\":\"ListItem\",\"position\":1,\"name\":\"Home\",\"item\":\"https:\/\/oreme.eu\/de\/\"},{\"@type\":\"ListItem\",\"position\":2,\"name\":\"Willkommen\"}]},{\"@type\":\"WebSite\",\"@id\":\"https:\/\/oreme.eu\/de\/#website\",\"url\":\"https:\/\/oreme.eu\/de\/\",\"name\":\"oreme - Nichtinvasive orthop\u00e4dische regenerative Medizin der n\u00e4chsten Generation in Europa\",\"description\":\"\",\"publisher\":{\"@id\":\"https:\/\/oreme.eu\/de\/#organization\"},\"potentialAction\":[{\"@type\":\"SearchAction\",\"target\":{\"@type\":\"EntryPoint\",\"urlTemplate\":\"https:\/\/oreme.eu\/de\/?s={search_term_string}\"},\"query-input\":{\"@type\":\"PropertyValueSpecification\",\"valueRequired\":true,\"valueName\":\"search_term_string\"}}],\"inLanguage\":\"de\"},{\"@type\":\"Organization\",\"@id\":\"https:\/\/oreme.eu\/de\/#organization\",\"name\":\"OREME PGmbH\",\"url\":\"https:\/\/oreme.eu\/de\/\",\"logo\":{\"@type\":\"ImageObject\",\"inLanguage\":\"de\",\"@id\":\"https:\/\/oreme.eu\/de\/#\/schema\/logo\/image\/\",\"url\":\"https:\/\/oreme.eu\/wp-content\/uploads\/2017\/01\/oreme-logo-quer-retina.png\",\"contentUrl\":\"https:\/\/oreme.eu\/wp-content\/uploads\/2017\/01\/oreme-logo-quer-retina.png\",\"width\":690,\"height\":312,\"caption\":\"OREME PGmbH\"},\"image\":{\"@id\":\"https:\/\/oreme.eu\/de\/#\/schema\/logo\/image\/\"},\"sameAs\":[\"https:\/\/www.facebook.com\/oreme.eu\",\"https:\/\/x.com\/Oreme_Regenexx\",\"https:\/\/www.instagram.com\/oreme_regenexx\/\"]}]}<\/script>\n<!-- \/ Yoast SEO plugin. -->","yoast_head_json":{"title":"oreme - Nichtinvasive orthop\u00e4dische regenerative Medizin der n\u00e4chsten Generation in Europa","description":"Orthop\u00e4dische regenerative Medizin der n\u00e4chsten Generation. Ein bew\u00e4hrter Anbieter f\u00fcr nicht-chirurgische Stammzellen- und Blutpl\u00e4ttchen-Behandlungen in Europa.","robots":{"index":"index","follow":"follow","max-snippet":"max-snippet:-1","max-image-preview":"max-image-preview:large","max-video-preview":"max-video-preview:-1"},"canonical":"https:\/\/oreme.eu\/de\/","og_locale":"de_DE","og_type":"article","og_title":"oreme - Nichtinvasive orthop\u00e4dische regenerative Medizin der n\u00e4chsten Generation in Europa","og_description":"Orthop\u00e4dische regenerative Medizin der n\u00e4chsten Generation. Ein bew\u00e4hrter Anbieter f\u00fcr nicht-chirurgische Stammzellen- und Blutpl\u00e4ttchen-Behandlungen in Europa.","og_url":"https:\/\/oreme.eu\/de\/","og_site_name":"oreme - Nichtinvasive orthop\u00e4dische regenerative Medizin der n\u00e4chsten Generation in Europa","article_publisher":"https:\/\/www.facebook.com\/oreme.eu","article_modified_time":"2026-03-25T10:12:27+00:00","twitter_card":"summary_large_image","twitter_site":"@Oreme_Regenexx","twitter_misc":{"Gesch\u00e4tzte Lesezeit":"2\u00a0Minuten"},"schema":{"@context":"https:\/\/schema.org","@graph":[{"@type":"WebPage","@id":"https:\/\/oreme.eu\/de\/","url":"https:\/\/oreme.eu\/de\/","name":"oreme - Nichtinvasive orthop\u00e4dische regenerative Medizin der n\u00e4chsten Generation in Europa","isPartOf":{"@id":"https:\/\/oreme.eu\/de\/#website"},"datePublished":"2019-07-26T23:36:16+00:00","dateModified":"2026-03-25T10:12:27+00:00","description":"Orthop\u00e4dische regenerative Medizin der n\u00e4chsten Generation. Ein bew\u00e4hrter Anbieter f\u00fcr nicht-chirurgische Stammzellen- und Blutpl\u00e4ttchen-Behandlungen in Europa.","breadcrumb":{"@id":"https:\/\/oreme.eu\/de\/#breadcrumb"},"inLanguage":"de","potentialAction":[{"@type":"ReadAction","target":["https:\/\/oreme.eu\/de\/"]}]},{"@type":"BreadcrumbList","@id":"https:\/\/oreme.eu\/de\/#breadcrumb","itemListElement":[{"@type":"ListItem","position":1,"name":"Home","item":"https:\/\/oreme.eu\/de\/"},{"@type":"ListItem","position":2,"name":"Willkommen"}]},{"@type":"WebSite","@id":"https:\/\/oreme.eu\/de\/#website","url":"https:\/\/oreme.eu\/de\/","name":"oreme - Nichtinvasive orthop\u00e4dische regenerative Medizin der n\u00e4chsten Generation in Europa","description":"","publisher":{"@id":"https:\/\/oreme.eu\/de\/#organization"},"potentialAction":[{"@type":"SearchAction","target":{"@type":"EntryPoint","urlTemplate":"https:\/\/oreme.eu\/de\/?s={search_term_string}"},"query-input":{"@type":"PropertyValueSpecification","valueRequired":true,"valueName":"search_term_string"}}],"inLanguage":"de"},{"@type":"Organization","@id":"https:\/\/oreme.eu\/de\/#organization","name":"OREME PGmbH","url":"https:\/\/oreme.eu\/de\/","logo":{"@type":"ImageObject","inLanguage":"de","@id":"https:\/\/oreme.eu\/de\/#\/schema\/logo\/image\/","url":"https:\/\/oreme.eu\/wp-content\/uploads\/2017\/01\/oreme-logo-quer-retina.png","contentUrl":"https:\/\/oreme.eu\/wp-content\/uploads\/2017\/01\/oreme-logo-quer-retina.png","width":690,"height":312,"caption":"OREME PGmbH"},"image":{"@id":"https:\/\/oreme.eu\/de\/#\/schema\/logo\/image\/"},"sameAs":["https:\/\/www.facebook.com\/oreme.eu","https:\/\/x.com\/Oreme_Regenexx","https:\/\/www.instagram.com\/oreme_regenexx\/"]}]}},"jetpack_sharing_enabled":true,"_links":{"self":[{"href":"https:\/\/oreme.eu\/de\/wp-json\/wp\/v2\/pages\/2389","targetHints":{"allow":["GET"]}}],"collection":[{"href":"https:\/\/oreme.eu\/de\/wp-json\/wp\/v2\/pages"}],"about":[{"href":"https:\/\/oreme.eu\/de\/wp-json\/wp\/v2\/types\/page"}],"author":[{"embeddable":true,"href":"https:\/\/oreme.eu\/de\/wp-json\/wp\/v2\/users\/1"}],"replies":[{"embeddable":true,"href":"https:\/\/oreme.eu\/de\/wp-json\/wp\/v2\/comments?post=2389"}],"version-history":[{"count":20,"href":"https:\/\/oreme.eu\/de\/wp-json\/wp\/v2\/pages\/2389\/revisions"}],"predecessor-version":[{"id":3966,"href":"https:\/\/oreme.eu\/de\/wp-json\/wp\/v2\/pages\/2389\/revisions\/3966"}],"wp:attachment":[{"href":"https:\/\/oreme.eu\/de\/wp-json\/wp\/v2\/media?parent=2389"}],"curies":[{"name":"wp","href":"https:\/\/api.w.org\/{rel}","templated":true}]}}