{"id":3560,"date":"2023-11-23T12:41:01","date_gmt":"2023-11-23T12:41:01","guid":{"rendered":"https:\/\/oreme.eu\/?page_id=3560"},"modified":"2023-11-23T14:50:40","modified_gmt":"2023-11-23T14:50:40","slug":"agb","status":"publish","type":"page","link":"https:\/\/oreme.eu\/de\/agb\/","title":{"rendered":"Allgemeine Gesch\u00e4ftsbedingungen (AGB)"},"content":{"rendered":"\n<style type=\"text\/css\" data-created_by=\"avia_inline_auto\" id=\"style-css-av-av_section-65d6a163302e58e5e0d0eb762c881ad9\">\n.avia-section.av-av_section-65d6a163302e58e5e0d0eb762c881ad9 .av-section-color-overlay{\nopacity:0.1;\nbackground-color:#7294cd;\n}\n<\/style>\n<div id='av_section_1'  class='avia-section av-av_section-65d6a163302e58e5e0d0eb762c881ad9 main_color avia-section-huge avia-no-border-styling  avia-builder-el-0  avia-builder-el-no-sibling  avia-bg-style-fixed av-section-color-overlay-active container_wrap sidebar_right'  ><div class=\"av-section-color-overlay-wrap\"><div class=\"av-section-color-overlay\"><\/div><div class='container av-section-cont-open' ><main  role=\"main\" itemprop=\"mainContentOfPage\"  class='template-page content  av-content-small alpha units'><div class='post-entry post-entry-type-page post-entry-3560'><div class='entry-content-wrapper clearfix'>\n\n<style type=\"text\/css\" data-created_by=\"avia_inline_auto\" id=\"style-css-av-av_one_full-d71a51a707c4656b37c9afbbd6138215\">\n.flex_column.av-av_one_full-d71a51a707c4656b37c9afbbd6138215{\nborder-radius:0px 0px 0px 0px;\npadding:0px 0px 0px 0px;\n}\n<\/style>\n<div  class='flex_column av-av_one_full-d71a51a707c4656b37c9afbbd6138215 av_one_full  avia-builder-el-1  avia-builder-el-no-sibling  first flex_column_div av-animated-generic bottom-to-top av-zero-column-padding  '     ><section  class='av_textblock_section av-lnxp6dv9-23b61fe54083761a148416eac1d2ef27 '   itemscope=\"itemscope\" itemtype=\"https:\/\/schema.org\/CreativeWork\" ><div class='avia_textblock'  itemprop=\"text\" ><h1>Allgemeine Gesch\u00e4ftsbedingungen (AGB)<\/h1>\n<p>der <strong>Privatarztpraxis Rolandas Janu\u0161as OREME<\/strong>, Kasernenstr. 30, 9100 Herisau<\/p>\n<h2>Geltungsbereich<\/h2>\n<p>Diese \u201eAllgemeinen Gesch\u00e4ftsbedingungen\u201c (AGB) gelten f\u00fcr alle erbrachten Leistungen der Privatarztpraxis Rolandas Janu\u0161as OREME. Abweichende Vereinbarungen bed\u00fcrfen der Schriftform. Mit der Abgabe des Fragebogens erkl\u00e4rt sich der Kunde mit diesen AGB einverstanden und an sie gebunden.<br \/>\nSollten einzelne Bestimmungen dieser AGB aufgrund zwingender gesetzlicher Vorschriften ganz oder teilweise unwirksam sein, so bleiben die \u00fcbrigen Bestimmungen dieser AGB unver\u00e4ndert wirksam.<\/p>\n<h2>Allgemeine Informationen<\/h2>\n<p>Unsere \u00c4rzte werden Ihnen den genauen Behandlungsablauf erkl\u00e4ren, diesen individuell auf Sie abstimmen und gemeinsam mit Ihnen erarbeiten. Kurzfristige \u00c4nderungen k\u00f6nnen nicht immer umgesetzt werden, wir bitten um Verst\u00e4ndnis. Zudem m\u00f6chten wir Sie darauf aufmerksam machen, dass der behandelnde Arzt jeweils variieren kann.<\/p>\n<p>Den G\u00e4sten ist das Telefonieren in allen R\u00e4umen der Privatarztpraxis Rolandas Janu\u0161as OREME untersagt.<br \/>\nWir weisen Sie darauf hin, dass diverse Apparaturen und Ger\u00e4te in unserem Hause elektromagnetische Strahlungen verursachen.<br \/>\nAus hygienischen Gr\u00fcnden ist es im medizinischen Bereich der Privatarztpraxis Rolandas Janu\u0161as OREME nicht gestattet, Haustiere mitzubringen.<\/p>\n<h2>Zustandekommen des Vertrages<\/h2>\n<p>Nach dem Zusenden des ausgef\u00fcllten Fragebogens kann der Auftraggeber einen unverbindlichen Kostenvoranschlag f\u00fcr einen ambulanten Aufenthalt verlangen. Darin sind nur die medizinischen Leistungen enthalten, jedoch keine externen Leistungen wie z.B. Labor, Medikamente, R\u00f6ntgen, MRT. Der Therapieplan wird individuell auf den Auftraggeber abgestimmt und kann deswegen erst vor Ort exakt erstellt werden. Somit kann die Rechnung vom Kostenvoranschlag abweichen.<br \/>\nMit Abgabe des Fragebogens kommt der Vertrag zustande und der Auftraggeber erkennt die AGBs an\u00a0und best\u00e4tigt, diese gelesen zu haben.<\/p>\n<h2>Identit\u00e4t des Vertragspartners<\/h2>\n<p>Der Vertrag kommt mit uns, der Privatarztpraxis Rolandas Janu\u0161as OREME zustande:<br \/>\nAnschrift:<br \/>\nPrivatarztpraxis Rolandas Janu\u0161as OREME<br \/>\nKasernenstr. 30<br \/>\nCH-9100 Herisau<br \/>\nUnternehmensidentifikationsnummer (UID) Nr.: CHE-472.039.687<\/p>\n<h2>Zahlungsbedingungen<\/h2>\n<h3>Vorauszahlung<\/h3>\n<p>Bei einem ambulanten Aufenthalt ist eine Vorauszahlung zu leisten. Die Vorauszahlung betr\u00e4gt die H\u00e4lfte des Kostenvoranschlages und kann via Bank\u00fcberweisung oder mit einem Payment Link f\u00fcr Kreditkarten bezahlt werden. Erst mit dem Erhalt der Vorauszahlung wird die Behandlung geplant.<\/p>\n<h3>Zahlungen w\u00e4hrend des Aufenthaltes<\/h3>\n<p>Am Ende der Behandlung ist der gesamte offene Betrag mit Kreditkarte oder Bar zu bezahlen. Unsere G\u00e4ste werden darum gebeten, Ihre Kreditkartenlimite dementsprechend vorab zu \u00fcberpr\u00fcfen.<\/p>\n<h3>Krankenkassen<\/h3>\n<p>Die Privatarztpraxis Rolandas Janu\u0161as OREME arbeitet mit Krankenkassen nicht, die Leistungen werden von Krankenkassen nicht \u00fcbernommen.<\/p>\n<h2>Termine<\/h2>\n<p>K\u00f6nnen Termine nicht eingehalten werden aufgrund \u00e4usserer Umst\u00e4nde wie z.B. Pandemien, Naturereignisse, Krieg, Unf\u00e4lle und Krankheit, beh\u00f6rdliche Massnahmen etc., werden die Termine angemessen verschoben.<br \/>\nIst es nicht m\u00f6glich, neue Termine zu finden, wird die Vorauszahlung zur\u00fcckbezahlt und der Vertrag erlischt.<\/p>\n<h2>Abmeldung und Nichterscheinung<\/h2>\n<h3>Ambulante Behandlungen<\/h3>\n<p>Bei ambulanten Behandlungen kann der Termin 24 Stunden vorher kostenlos abgesagt werden. Bei kurzfristiger Absage oder Nichterscheinen werden die Ausfallkosten gem\u00e4ss g\u00fcltiger Abrechnungsregelung in Rechnung gestellt.<\/p>\n<h2>Gew\u00e4hrleistung<\/h2>\n<p>Die Privatarztpraxis Rolandas Janu\u0161as OREME verpflichtet sich bei ihren Leistungen \u00e4usserste Sorgfalt walten zu lassen und einen hohen Qualit\u00e4tsstandard aufrecht zu erhalten.<\/p>\n<h2>Datenschutzbestimmung<\/h2>\n<p>Die <a href=\"https:\/\/oreme.eu\/de\/datenschutz\/\">Datenschutzbestimmungen<\/a> entnehmen Sie einem separaten Dokument.<\/p>\n<h2>Anwendbares Recht und Gerichtsstand<\/h2>\n<p>Ausschliesslicher Gerichtsstand f\u00fcr s\u00e4mtliche aus dem vorliegenden Behandlungsvertrag sich ergebende Rechtsbeziehungen und Streitigkeiten ist Herisau, AR, Schweiz. Auf alle Rechtsbeziehungen und Streitigkeiten mit der Privatarztpraxis Rolandas Janu\u0161as OREME kommt ausschliesslich das materielle Schweizer Recht zur Anwendung.<\/p>\n<p>Falls Sie Fragen zu unseren AGBs haben, k\u00f6nnen Sie uns gerne kontaktieren.<\/p>\n<\/div><\/section><\/div><\/div><\/div><\/main><!-- close content main element --><\/div><\/div><\/div><div id='after_section_1'  class='main_color av_default_container_wrap container_wrap sidebar_right'  ><div class='container av-section-cont-open' ><div class='template-page content  av-content-small alpha units'><div class='post-entry post-entry-type-page post-entry-3560'><div class='entry-content-wrapper clearfix'>\n","protected":false},"excerpt":{"rendered":"","protected":false},"author":1,"featured_media":0,"parent":0,"menu_order":50,"comment_status":"closed","ping_status":"closed","template":"","meta":{"footnotes":""},"class_list":["post-3560","page","type-page","status-publish","hentry"],"yoast_head":"<!-- This site is optimized with the Yoast SEO plugin v27.2 - https:\/\/yoast.com\/product\/yoast-seo-wordpress\/ -->\n<title>Allgemeine Gesch\u00e4ftsbedingungen (AGB) &#8211; oreme - Nichtinvasive orthop\u00e4dische regenerative Medizin der n\u00e4chsten Generation in Europa<\/title>\n<meta name=\"robots\" content=\"index, follow, max-snippet:-1, max-image-preview:large, max-video-preview:-1\" \/>\n<link rel=\"canonical\" href=\"https:\/\/oreme.eu\/de\/agb\/\" \/>\n<meta property=\"og:locale\" content=\"de_DE\" \/>\n<meta property=\"og:type\" content=\"article\" \/>\n<meta property=\"og:title\" content=\"Allgemeine Gesch\u00e4ftsbedingungen (AGB) &#8211; oreme - Nichtinvasive orthop\u00e4dische regenerative Medizin der n\u00e4chsten Generation in Europa\" \/>\n<meta property=\"og:url\" content=\"https:\/\/oreme.eu\/de\/agb\/\" \/>\n<meta property=\"og:site_name\" content=\"oreme - Nichtinvasive orthop\u00e4dische regenerative Medizin der n\u00e4chsten Generation in Europa\" \/>\n<meta property=\"article:publisher\" content=\"https:\/\/www.facebook.com\/oreme.eu\" \/>\n<meta property=\"article:modified_time\" content=\"2023-11-23T14:50:40+00:00\" \/>\n<meta name=\"twitter:card\" content=\"summary_large_image\" \/>\n<meta name=\"twitter:site\" content=\"@Oreme_Regenexx\" \/>\n<meta name=\"twitter:label1\" content=\"Gesch\u00e4tzte Lesezeit\" \/>\n\t<meta name=\"twitter:data1\" content=\"3\u00a0Minuten\" \/>\n<script type=\"application\/ld+json\" class=\"yoast-schema-graph\">{\"@context\":\"https:\/\/schema.org\",\"@graph\":[{\"@type\":\"WebPage\",\"@id\":\"https:\/\/oreme.eu\/de\/agb\/\",\"url\":\"https:\/\/oreme.eu\/de\/agb\/\",\"name\":\"Allgemeine Gesch\u00e4ftsbedingungen (AGB) &#8211; oreme - Nichtinvasive orthop\u00e4dische regenerative Medizin der n\u00e4chsten Generation in Europa\",\"isPartOf\":{\"@id\":\"https:\/\/oreme.eu\/de\/#website\"},\"datePublished\":\"2023-11-23T12:41:01+00:00\",\"dateModified\":\"2023-11-23T14:50:40+00:00\",\"breadcrumb\":{\"@id\":\"https:\/\/oreme.eu\/de\/agb\/#breadcrumb\"},\"inLanguage\":\"de\",\"potentialAction\":[{\"@type\":\"ReadAction\",\"target\":[\"https:\/\/oreme.eu\/de\/agb\/\"]}]},{\"@type\":\"BreadcrumbList\",\"@id\":\"https:\/\/oreme.eu\/de\/agb\/#breadcrumb\",\"itemListElement\":[{\"@type\":\"ListItem\",\"position\":1,\"name\":\"Home\",\"item\":\"https:\/\/oreme.eu\/de\/\"},{\"@type\":\"ListItem\",\"position\":2,\"name\":\"Allgemeine Gesch\u00e4ftsbedingungen (AGB)\"}]},{\"@type\":\"WebSite\",\"@id\":\"https:\/\/oreme.eu\/de\/#website\",\"url\":\"https:\/\/oreme.eu\/de\/\",\"name\":\"oreme - Nichtinvasive orthop\u00e4dische regenerative Medizin der n\u00e4chsten Generation in Europa\",\"description\":\"\",\"publisher\":{\"@id\":\"https:\/\/oreme.eu\/de\/#organization\"},\"potentialAction\":[{\"@type\":\"SearchAction\",\"target\":{\"@type\":\"EntryPoint\",\"urlTemplate\":\"https:\/\/oreme.eu\/de\/?s={search_term_string}\"},\"query-input\":{\"@type\":\"PropertyValueSpecification\",\"valueRequired\":true,\"valueName\":\"search_term_string\"}}],\"inLanguage\":\"de\"},{\"@type\":\"Organization\",\"@id\":\"https:\/\/oreme.eu\/de\/#organization\",\"name\":\"OREME PGmbH\",\"url\":\"https:\/\/oreme.eu\/de\/\",\"logo\":{\"@type\":\"ImageObject\",\"inLanguage\":\"de\",\"@id\":\"https:\/\/oreme.eu\/de\/#\/schema\/logo\/image\/\",\"url\":\"https:\/\/oreme.eu\/wp-content\/uploads\/2017\/01\/oreme-logo-quer-retina.png\",\"contentUrl\":\"https:\/\/oreme.eu\/wp-content\/uploads\/2017\/01\/oreme-logo-quer-retina.png\",\"width\":690,\"height\":312,\"caption\":\"OREME PGmbH\"},\"image\":{\"@id\":\"https:\/\/oreme.eu\/de\/#\/schema\/logo\/image\/\"},\"sameAs\":[\"https:\/\/www.facebook.com\/oreme.eu\",\"https:\/\/x.com\/Oreme_Regenexx\",\"https:\/\/www.instagram.com\/oreme_regenexx\/\"]}]}<\/script>\n<!-- \/ Yoast SEO plugin. -->","yoast_head_json":{"title":"Allgemeine Gesch\u00e4ftsbedingungen (AGB) &#8211; oreme - Nichtinvasive orthop\u00e4dische regenerative Medizin der n\u00e4chsten Generation in Europa","robots":{"index":"index","follow":"follow","max-snippet":"max-snippet:-1","max-image-preview":"max-image-preview:large","max-video-preview":"max-video-preview:-1"},"canonical":"https:\/\/oreme.eu\/de\/agb\/","og_locale":"de_DE","og_type":"article","og_title":"Allgemeine Gesch\u00e4ftsbedingungen (AGB) &#8211; oreme - Nichtinvasive orthop\u00e4dische regenerative Medizin der n\u00e4chsten Generation in Europa","og_url":"https:\/\/oreme.eu\/de\/agb\/","og_site_name":"oreme - Nichtinvasive orthop\u00e4dische regenerative Medizin der n\u00e4chsten Generation in Europa","article_publisher":"https:\/\/www.facebook.com\/oreme.eu","article_modified_time":"2023-11-23T14:50:40+00:00","twitter_card":"summary_large_image","twitter_site":"@Oreme_Regenexx","twitter_misc":{"Gesch\u00e4tzte Lesezeit":"3\u00a0Minuten"},"schema":{"@context":"https:\/\/schema.org","@graph":[{"@type":"WebPage","@id":"https:\/\/oreme.eu\/de\/agb\/","url":"https:\/\/oreme.eu\/de\/agb\/","name":"Allgemeine Gesch\u00e4ftsbedingungen (AGB) &#8211; oreme - Nichtinvasive orthop\u00e4dische regenerative Medizin der n\u00e4chsten Generation in Europa","isPartOf":{"@id":"https:\/\/oreme.eu\/de\/#website"},"datePublished":"2023-11-23T12:41:01+00:00","dateModified":"2023-11-23T14:50:40+00:00","breadcrumb":{"@id":"https:\/\/oreme.eu\/de\/agb\/#breadcrumb"},"inLanguage":"de","potentialAction":[{"@type":"ReadAction","target":["https:\/\/oreme.eu\/de\/agb\/"]}]},{"@type":"BreadcrumbList","@id":"https:\/\/oreme.eu\/de\/agb\/#breadcrumb","itemListElement":[{"@type":"ListItem","position":1,"name":"Home","item":"https:\/\/oreme.eu\/de\/"},{"@type":"ListItem","position":2,"name":"Allgemeine Gesch\u00e4ftsbedingungen (AGB)"}]},{"@type":"WebSite","@id":"https:\/\/oreme.eu\/de\/#website","url":"https:\/\/oreme.eu\/de\/","name":"oreme - Nichtinvasive orthop\u00e4dische regenerative Medizin der n\u00e4chsten Generation in Europa","description":"","publisher":{"@id":"https:\/\/oreme.eu\/de\/#organization"},"potentialAction":[{"@type":"SearchAction","target":{"@type":"EntryPoint","urlTemplate":"https:\/\/oreme.eu\/de\/?s={search_term_string}"},"query-input":{"@type":"PropertyValueSpecification","valueRequired":true,"valueName":"search_term_string"}}],"inLanguage":"de"},{"@type":"Organization","@id":"https:\/\/oreme.eu\/de\/#organization","name":"OREME PGmbH","url":"https:\/\/oreme.eu\/de\/","logo":{"@type":"ImageObject","inLanguage":"de","@id":"https:\/\/oreme.eu\/de\/#\/schema\/logo\/image\/","url":"https:\/\/oreme.eu\/wp-content\/uploads\/2017\/01\/oreme-logo-quer-retina.png","contentUrl":"https:\/\/oreme.eu\/wp-content\/uploads\/2017\/01\/oreme-logo-quer-retina.png","width":690,"height":312,"caption":"OREME PGmbH"},"image":{"@id":"https:\/\/oreme.eu\/de\/#\/schema\/logo\/image\/"},"sameAs":["https:\/\/www.facebook.com\/oreme.eu","https:\/\/x.com\/Oreme_Regenexx","https:\/\/www.instagram.com\/oreme_regenexx\/"]}]}},"jetpack_sharing_enabled":true,"_links":{"self":[{"href":"https:\/\/oreme.eu\/de\/wp-json\/wp\/v2\/pages\/3560","targetHints":{"allow":["GET"]}}],"collection":[{"href":"https:\/\/oreme.eu\/de\/wp-json\/wp\/v2\/pages"}],"about":[{"href":"https:\/\/oreme.eu\/de\/wp-json\/wp\/v2\/types\/page"}],"author":[{"embeddable":true,"href":"https:\/\/oreme.eu\/de\/wp-json\/wp\/v2\/users\/1"}],"replies":[{"embeddable":true,"href":"https:\/\/oreme.eu\/de\/wp-json\/wp\/v2\/comments?post=3560"}],"version-history":[{"count":3,"href":"https:\/\/oreme.eu\/de\/wp-json\/wp\/v2\/pages\/3560\/revisions"}],"predecessor-version":[{"id":3565,"href":"https:\/\/oreme.eu\/de\/wp-json\/wp\/v2\/pages\/3560\/revisions\/3565"}],"wp:attachment":[{"href":"https:\/\/oreme.eu\/de\/wp-json\/wp\/v2\/media?parent=3560"}],"curies":[{"name":"wp","href":"https:\/\/api.w.org\/{rel}","templated":true}]}}